{"id":1224,"date":"2013-04-05T17:31:26","date_gmt":"2013-04-05T17:31:26","guid":{"rendered":"http:\/\/www.kriesi.at\/themes\/enfold\/?page_id=1224"},"modified":"2022-06-18T15:14:20","modified_gmt":"2022-06-18T15:14:20","slug":"policies","status":"publish","type":"page","link":"https:\/\/metaenterprices.co.uk\/ro\/policies\/","title":{"rendered":"Policies"},"content":{"rendered":"<div id='av_section_1'  class='avia-section av-1edv8js-59a06f5215246f321097641341dc6ebd alternate_color avia-section-default avia-no-shadow  avia-builder-el-0  el_before_av_hr  avia-builder-el-first  avia-bg-style-scroll container_wrap sidebar_right'  ><div class='container av-section-cont-open' ><main  role=\"main\" itemprop=\"mainContentOfPage\"  class='template-page content  av-content-small alpha units'><div class='post-entry post-entry-type-page post-entry-1224'><div class='entry-content-wrapper clearfix'>\n<section  class='av_textblock_section av-1d00eco-409421f7481a3802a7d2ce1021894e1a'  itemscope=\"itemscope\" itemtype=\"https:\/\/schema.org\/CreativeWork\" ><div class='avia_textblock'  itemprop=\"text\" ><h2 style=\"text-align: center;\"><span style=\"color: #1e89ca;\">POLITICILE NOASTRE<\/span><\/h2>\n<p style=\"text-align: center;\">\n<\/div><\/section>\n<div  class='hr av-1artb60-d9c5726917ff2f3f2ff97d2eec1106b5 hr-short  avia-builder-el-2  el_after_av_textblock  el_before_av_one_half  hr-center'><span class='hr-inner'><span class=\"hr-inner-style\"><\/span><\/span><\/div>\n\n<style type=\"text\/css\" data-created_by=\"avia_inline_auto\" id=\"style-css-av-1a0eih4-193b380485caaa000a086662f1bfaab7\">\n.flex_column.av-1a0eih4-193b380485caaa000a086662f1bfaab7{\n-webkit-border-radius:0px 0px 0px 0px;\n-moz-border-radius:0px 0px 0px 0px;\nborder-radius:0px 0px 0px 0px;\npadding:0px 0px 0px 0px;\n}\n<\/style>\n<div class='flex_column av-1a0eih4-193b380485caaa000a086662f1bfaab7 av_one_half  avia-builder-el-3  el_after_av_hr  el_before_av_one_half  first flex_column_div av-zero-column-padding'     ><section  class='av_textblock_section av-181r048-e839d4f54b9a1969088769701e9379a3'  itemscope=\"itemscope\" itemtype=\"https:\/\/schema.org\/CreativeWork\" ><div class='avia_textblock'  itemprop=\"text\" ><h2><span style=\"color: #3bade3;\">CON\u0219tiENT DE MEDIU<\/span><\/h2>\n<\/div><\/section><br \/>\n<div  class='avia-slideshow av-16qsbx4-9edbde9532dd4fdc0b9b6ee3164a800c avia-slideshow-featured av_slideshow avia-slide-slider  avia-builder-el-5  el_after_av_textblock  avia-builder-el-last  av-slideshow-ui av-slideshow-manual av-loop-once av-loop-manual-endless av-default-height-applied avia-slideshow-1' data-slideshow-options=\"{&quot;animation&quot;:&quot;slide&quot;,&quot;autoplay&quot;:false,&quot;loop_autoplay&quot;:&quot;once&quot;,&quot;interval&quot;:5,&quot;loop_manual&quot;:&quot;manual-endless&quot;,&quot;autoplay_stopper&quot;:false,&quot;noNavigation&quot;:false,&quot;bg_slider&quot;:false,&quot;keep_padding&quot;:false,&quot;hoverpause&quot;:false,&quot;show_slide_delay&quot;:0}\"  itemprop=\"image\" itemscope=\"itemscope\" itemtype=\"https:\/\/schema.org\/ImageObject\" ><ul class='avia-slideshow-inner' style='padding-bottom: 60%;'><li  class='avia-slideshow-slide av-16qsbx4-9edbde9532dd4fdc0b9b6ee3164a800c__0  av-single-slide slide-1 slide-odd'><div data-rel='slideshow-1' class='avia-slide-wrap'   ><img decoding=\"async\" class=\"wp-image-3481 avia-img-lazy-loading-not-3481\"  src=\"https:\/\/metaenterprices.co.uk\/wp-content\/uploads\/2016\/04\/light.jpg\" width=\"600\" height=\"360\" title='light' alt=''  itemprop=\"thumbnailUrl\" srcset=\"https:\/\/metaenterprices.co.uk\/wp-content\/uploads\/2016\/04\/light.jpg 600w, https:\/\/metaenterprices.co.uk\/wp-content\/uploads\/2016\/04\/light-300x180.jpg 300w, https:\/\/metaenterprices.co.uk\/wp-content\/uploads\/2016\/04\/light-450x270.jpg 450w\" sizes=\"(max-width: 600px) 100vw, 600px\" \/><\/div><\/li><\/ul><\/div><\/p><\/div>\n<style type=\"text\/css\" data-created_by=\"avia_inline_auto\" id=\"style-css-av-1295sbs-8a7a4a82a501d09d2bcb7d07a2075138\">\n.flex_column.av-1295sbs-8a7a4a82a501d09d2bcb7d07a2075138{\n-webkit-border-radius:0px 0px 0px 0px;\n-moz-border-radius:0px 0px 0px 0px;\nborder-radius:0px 0px 0px 0px;\npadding:0px 0px 0px 0px;\n}\n<\/style>\n<div class='flex_column av-1295sbs-8a7a4a82a501d09d2bcb7d07a2075138 av_one_half  avia-builder-el-6  el_after_av_one_half  el_before_av_hr  flex_column_div av-zero-column-padding'     ><style type=\"text\/css\" data-created_by=\"avia_inline_auto\" id=\"style-css-av-11iifag-4dd71b71f4db6c1c23adf8f9f89e9364\">\n#top .av_textblock_section.av-11iifag-4dd71b71f4db6c1c23adf8f9f89e9364 .avia_textblock{\nfont-size:15px;\n}\n<\/style>\n<section  class='av_textblock_section av-11iifag-4dd71b71f4db6c1c23adf8f9f89e9364'  itemscope=\"itemscope\" itemtype=\"https:\/\/schema.org\/CreativeWork\" ><div class='avia_textblock'  itemprop=\"text\" ><p>\u00cen calitate de companie certificat\u0103 ISO, ne m\u00e2ndrim s\u0103 ne asigur\u0103m c\u0103 mediul este pe primul loc. Ne str\u0103duim s\u0103 ne asigur\u0103m c\u0103 produsele noastre respect\u0103 legile britanice \u0219i interna\u021bionale ale agen\u021biilor de mediu, iar \u00eenregistrarea noastr\u0103 ISO 9001 asigur\u0103 calitatea aprobat\u0103 a m\u0103rfurilor care reduc direct impactul negativ asupra mediului.<\/p>\n<p><strong>Reglement\u0103ri privind de\u0219eurile:<\/strong><\/p>\n<p>Certificat de \u00eenregistrare \u00een conformitate cu Regulamentul privind de\u0219eurile din Anglia \u0219i \u021aara Galilor din 2011.<\/p>\n<p><strong>Pericole\/accidente pentru mediu: <\/strong><\/p>\n<p>Respectarea procedurilor de s\u0103n\u0103tate \u0219i siguran\u021b\u0103 pentru evitarea oric\u0103ror accidente, ace\u0219tia sunt, de asemenea, bine instrui\u021bi pentru a manipula materialul cu siguran\u021b\u0103 evit\u00e2nd orice deversare sau accident de material care poate provoca pericol pentru mediu.<\/p>\n<p><strong>Suntem pe deplin con\u0219tien\u021bi \u0219i echipa\u021bi cu reglement\u0103rile UE REACH \u0219i cu alte reglement\u0103ri REACH din Regatul Unit dup\u0103 Brexit.<\/strong><\/p>\n<\/div><\/section><\/div><div  class='hr av-10a39ug-2612a67a1526ce200c2a3224f4d3c055 hr-default  avia-builder-el-8  el_after_av_one_half  el_before_av_one_half'><span class='hr-inner'><span class=\"hr-inner-style\"><\/span><\/span><\/div>\n\n<style type=\"text\/css\" data-created_by=\"avia_inline_auto\" id=\"style-css-av-xs9tiw-062d2590c5e0ad07f3fb3196e8c94c30\">\n.flex_column.av-xs9tiw-062d2590c5e0ad07f3fb3196e8c94c30{\n-webkit-border-radius:0px 0px 0px 0px;\n-moz-border-radius:0px 0px 0px 0px;\nborder-radius:0px 0px 0px 0px;\npadding:0px 0px 0px 0px;\n}\n<\/style>\n<div class='flex_column av-xs9tiw-062d2590c5e0ad07f3fb3196e8c94c30 av_one_half  avia-builder-el-9  el_after_av_hr  el_before_av_one_half  first flex_column_div av-zero-column-padding'     ><section  class='av_textblock_section av-w3mlug-6b8545144e232d0984cc7a01e8712397'  itemscope=\"itemscope\" itemtype=\"https:\/\/schema.org\/CreativeWork\" ><div class='avia_textblock'  itemprop=\"text\" ><h2><span style=\"color: #3bade3;\">SERVICII CLIEN\u021aI\u2026<\/span><\/h2>\n<\/div><\/section><br \/>\n<div  class='avia-slideshow av-u5cllk-def8994894f0f4b9afc0c8cb15f87411 avia-slideshow-featured av_slideshow avia-slide-slider  avia-builder-el-11  el_after_av_textblock  avia-builder-el-last  av-slideshow-ui av-slideshow-manual av-loop-once av-loop-manual-endless av-default-height-applied avia-slideshow-2' data-slideshow-options=\"{&quot;animation&quot;:&quot;slide&quot;,&quot;autoplay&quot;:false,&quot;loop_autoplay&quot;:&quot;once&quot;,&quot;interval&quot;:5,&quot;loop_manual&quot;:&quot;manual-endless&quot;,&quot;autoplay_stopper&quot;:false,&quot;noNavigation&quot;:false,&quot;bg_slider&quot;:false,&quot;keep_padding&quot;:false,&quot;hoverpause&quot;:false,&quot;show_slide_delay&quot;:0}\"  itemprop=\"image\" itemscope=\"itemscope\" itemtype=\"https:\/\/schema.org\/ImageObject\" ><ul class='avia-slideshow-inner' style='padding-bottom: 25.333333333333%;'><li  class='avia-slideshow-slide av-u5cllk-def8994894f0f4b9afc0c8cb15f87411__0  av-single-slide slide-1 slide-odd'><div data-rel='slideshow-2' class='avia-slide-wrap'   ><img loading=\"lazy\" decoding=\"async\" class=\"wp-image-3479 avia-img-lazy-loading-not-3479\" src=\"https:\/\/metaenterprices.co.uk\/wp-content\/uploads\/2016\/04\/glasocaiation2-300x76.png\"  width=\"300\" height=\"76\" title='glasocaiation2-300x76' alt='' itemprop=\"thumbnailUrl\"   \/><\/div><\/li><\/ul><\/div><\/p><\/div>\n<style type=\"text\/css\" data-created_by=\"avia_inline_auto\" id=\"style-css-av-qx6xh4-fc8b410551c3df838fa08e803998f534\">\n.flex_column.av-qx6xh4-fc8b410551c3df838fa08e803998f534{\n-webkit-border-radius:0px 0px 0px 0px;\n-moz-border-radius:0px 0px 0px 0px;\nborder-radius:0px 0px 0px 0px;\npadding:0px 0px 0px 0px;\n}\n<\/style>\n<div class='flex_column av-qx6xh4-fc8b410551c3df838fa08e803998f534 av_one_half  avia-builder-el-12  el_after_av_one_half  el_before_av_hr  flex_column_div av-zero-column-padding'     ><style type=\"text\/css\" data-created_by=\"avia_inline_auto\" id=\"style-css-av-qf1f8o-effe5defc53949c3a2f8dfb79ad5a35e\">\n#top .av_textblock_section.av-qf1f8o-effe5defc53949c3a2f8dfb79ad5a35e .avia_textblock{\nfont-size:15px;\n}\n<\/style>\n<section  class='av_textblock_section av-qf1f8o-effe5defc53949c3a2f8dfb79ad5a35e'  itemscope=\"itemscope\" itemtype=\"https:\/\/schema.org\/CreativeWork\" ><div class='avia_textblock'  itemprop=\"text\" ><p>Membru al ASOCIA\u021aIEI GALVANIZ\u0102TORI Pentru servicii de galvanizare transparente de \u00eencredere.<\/p>\n<p>Te rog viziteaza <a href=\"http:\/\/www.galvanizing.org.uk\">www.galvanizing.org.uk<\/a> pentru mai multe informatii.<\/p>\n<\/div><\/section><\/div><div  class='hr av-2f3ygo-baf887f948cf26be443f96c3743d73eb hr-default  avia-builder-el-14  el_after_av_one_half  el_before_av_one_half'><span class='hr-inner'><span class=\"hr-inner-style\"><\/span><\/span><\/div>\n\n<style type=\"text\/css\" data-created_by=\"avia_inline_auto\" id=\"style-css-av-lriorc-8f2f5fc1b85d11556caf9c0c20b6f2f7\">\n.flex_column.av-lriorc-8f2f5fc1b85d11556caf9c0c20b6f2f7{\n-webkit-border-radius:0px 0px 0px 0px;\n-moz-border-radius:0px 0px 0px 0px;\nborder-radius:0px 0px 0px 0px;\npadding:0px 0px 0px 0px;\n}\n<\/style>\n<div class='flex_column av-lriorc-8f2f5fc1b85d11556caf9c0c20b6f2f7 av_one_half  avia-builder-el-15  el_after_av_hr  el_before_av_one_half  first flex_column_div av-zero-column-padding'     ><section  class='av_textblock_section av-24zdgo-7f5de5ed47724e82c43d5bba93ad653d'  itemscope=\"itemscope\" itemtype=\"https:\/\/schema.org\/CreativeWork\" ><div class='avia_textblock'  itemprop=\"text\" ><h2><span style=\"color: #3bade3;\">DE FABRICA\u021aIE\u2026<\/span><\/h2>\n<\/div><\/section><br \/>\n<div  class='avia-slideshow av-ims9d4-5ac70878b5718f51b27911e34b48dc8f avia-slideshow-featured av_slideshow avia-slide-slider  avia-builder-el-17  el_after_av_textblock  avia-builder-el-last  av-slideshow-ui av-slideshow-manual av-loop-once av-loop-manual-endless av-default-height-applied avia-slideshow-3' data-slideshow-options=\"{&quot;animation&quot;:&quot;slide&quot;,&quot;autoplay&quot;:false,&quot;loop_autoplay&quot;:&quot;once&quot;,&quot;interval&quot;:5,&quot;loop_manual&quot;:&quot;manual-endless&quot;,&quot;autoplay_stopper&quot;:false,&quot;noNavigation&quot;:false,&quot;bg_slider&quot;:false,&quot;keep_padding&quot;:false,&quot;hoverpause&quot;:false,&quot;show_slide_delay&quot;:0}\"  itemprop=\"image\" itemscope=\"itemscope\" itemtype=\"https:\/\/schema.org\/ImageObject\" ><ul class='avia-slideshow-inner' style='padding-bottom: 28.666666666667%;'><li  class='avia-slideshow-slide av-ims9d4-5ac70878b5718f51b27911e34b48dc8f__0  av-single-slide slide-1 slide-odd'><div data-rel='slideshow-3' class='avia-slide-wrap'   ><img loading=\"lazy\" decoding=\"async\" class=\"wp-image-3589 avia-img-lazy-loading-not-3589\" src=\"https:\/\/metaenterprices.co.uk\/wp-content\/uploads\/2016\/04\/DSC_0205-1500x430.jpg\"  width=\"1500\" height=\"430\" title='DSC_0205' alt='' itemprop=\"thumbnailUrl\"   \/><\/div><\/li><\/ul><\/div><\/p><\/div>\n<style type=\"text\/css\" data-created_by=\"avia_inline_auto\" id=\"style-css-av-fj7mlk-0326912559c182965289b49f362ba91d\">\n.flex_column.av-fj7mlk-0326912559c182965289b49f362ba91d{\n-webkit-border-radius:0px 0px 0px 0px;\n-moz-border-radius:0px 0px 0px 0px;\nborder-radius:0px 0px 0px 0px;\npadding:0px 0px 0px 0px;\n}\n<\/style>\n<div class='flex_column av-fj7mlk-0326912559c182965289b49f362ba91d av_one_half  avia-builder-el-18  el_after_av_one_half  avia-builder-el-last  flex_column_div av-zero-column-padding'     ><style type=\"text\/css\" data-created_by=\"avia_inline_auto\" id=\"style-css-av-1ezl6w-8460a7ee9f495f6c96b360fc6d48fe78\">\n#top .av_textblock_section.av-1ezl6w-8460a7ee9f495f6c96b360fc6d48fe78 .avia_textblock{\nfont-size:15px;\n}\n<\/style>\n<section  class='av_textblock_section av-1ezl6w-8460a7ee9f495f6c96b360fc6d48fe78'  itemscope=\"itemscope\" itemtype=\"https:\/\/schema.org\/CreativeWork\" ><div class='avia_textblock'  itemprop=\"text\" ><p>Pe l\u00e2ng\u0103 contribu\u021bia noastr\u0103 la mediu \u0219i \u00eengrijirea clien\u021bilor, furnizorii no\u0219tri respect\u0103 \u0219i normele de mediu impuse instala\u021biilor de galvanizare, \u021bin\u00e2ndu-se la curent cu personal calificat care manipuleaz\u0103 materiale periculoase \u0219i nepericuloase.<\/p>\n<p>Se stabile\u0219te confirmarea procesului de fabrica\u021bie al furnizorilor cu cea mai recent\u0103 tehnologie de galvanizare la cald, care reduce timpul de recuperare a zincului \u0219i scade poluarea mediului.<\/p>\n<\/div><\/section><\/div><\/div><\/div><\/main><!-- close content main element --><\/div><\/div><div id='after_section_1'  class='main_color av_default_container_wrap container_wrap sidebar_right'  ><div class='container av-section-cont-open' ><div class='template-page content  av-content-small alpha units'><div class='post-entry post-entry-type-page post-entry-1224'><div class='entry-content-wrapper clearfix'><div  class='hr av-c7dhyg-eee05074d7bcf0a99468637cf8d8c864 hr-default  avia-builder-el-20  el_after_av_section  el_before_av_one_half  avia-builder-el-first'><span class='hr-inner'><span class=\"hr-inner-style\"><\/span><\/span><\/div><\/p>\n<div class='flex_column av-b4e8zc-29d402fdd0d45eb99132e5c1ce524e1b av_one_half  avia-builder-el-21  el_after_av_hr  el_before_av_one_half  first flex_column_div'     ><style type=\"text\/css\" data-created_by=\"avia_inline_auto\" id=\"style-css-av-9hkmew-efa3210ae8d0ef7fd66f200d52924a9b\">\n#top .av_textblock_section.av-9hkmew-efa3210ae8d0ef7fd66f200d52924a9b .avia_textblock{\nfont-size:15px;\n}\n<\/style>\n<section  class='av_textblock_section av-9hkmew-efa3210ae8d0ef7fd66f200d52924a9b'  itemscope=\"itemscope\" itemtype=\"https:\/\/schema.org\/CreativeWork\" ><div class='avia_textblock'  itemprop=\"text\" ><h4>Serviciu clien\u021bi<\/h4>\n<p>Avem o echip\u0103 interna\u021bional\u0103 dedicat\u0103 \u0219i calificat\u0103 care lucreaz\u0103 cu o experien\u021b\u0103 uria\u0219\u0103 \u00een deservirea clien\u021bilor no\u0219tri la nivel global.<\/p>\n<h4>De\u015feuri<\/h4>\n<p>Furnizorii \u0219i clien\u021bii no\u0219tri ader\u0103 la tratarea de\u0219eurilor nedorite create de procesele lor de fabrica\u021bie, separ\u00e2nd \u0219i elimin\u00e2nd de\u0219eurile \u00een mod corespunz\u0103tor.<\/p>\n<h4>Procese de fabricatie<\/h4>\n<p>Furnizorii \u0219i clien\u021bii no\u0219tri ader\u0103 la un proces de produc\u021bie actualizat, \u00een care cea mai recent\u0103 tehnologie este stabilit\u0103 pentru a reduce timpul de livrare \u0219i pentru a promova un mediu mai ecologic.<\/p>\n<h4>Putere\/ Energie<\/h4>\n<p>Procesul de reutilizare a c\u0103ldurii din materialele reziduale este \u00een fruntea practicii noastre, ajut\u00e2nd la minimizarea efectului asupra sistemului ecologic.<\/p>\n<h4>Ap\u0103<\/h4>\n<p>Instala\u021biile de reciclare a apei sunt folosite la sursele noastre pentru a purifica apa uzat\u0103 pentru utilizare ulterioar\u0103.<\/p>\n<h4><\/h4>\n<\/div><\/section><\/div>\n\n<style type=\"text\/css\" data-created_by=\"avia_inline_auto\" id=\"style-css-av-7lozqg-29e7bdbfee417edc32f86c47b59972b5\">\n.flex_column.av-7lozqg-29e7bdbfee417edc32f86c47b59972b5{\n-webkit-border-radius:0px 0px 0px 0px;\n-moz-border-radius:0px 0px 0px 0px;\nborder-radius:0px 0px 0px 0px;\npadding:0px 0px 0px 0px;\n}\n<\/style>\n<div class='flex_column av-7lozqg-29e7bdbfee417edc32f86c47b59972b5 av_one_half  avia-builder-el-23  el_after_av_one_half  el_before_av_slideshow  flex_column_div av-zero-column-padding'     ><style type=\"text\/css\" data-created_by=\"avia_inline_auto\" id=\"style-css-av-5yw0bc-0148d45ef9119f46366cbde8f2df43f5\">\n#top .av_textblock_section.av-5yw0bc-0148d45ef9119f46366cbde8f2df43f5 .avia_textblock{\nfont-size:15px;\n}\n<\/style>\n<section  class='av_textblock_section av-5yw0bc-0148d45ef9119f46366cbde8f2df43f5'  itemscope=\"itemscope\" itemtype=\"https:\/\/schema.org\/CreativeWork\" ><div class='avia_textblock'  itemprop=\"text\" ><h4>Efecte asupra mediului<\/h4>\n<p>Suntem certifica\u021bi \u00een conformitate cu \u00cenregistr\u0103rile de\u0219eurilor (Anglia \u0219i \u021aara Galilor) 2011 \u0219i aprobate ISO 9001 pentru sistemele de management al calit\u0103\u021bii pentru materialele reciclabile.<\/p>\n<h4>Zgomot<\/h4>\n<p>Pentru prelucrarea materialelor noastre, s-au instalat amortizoare de zgomot, ar\u0103t\u00e2nd rezultate ale unei reduceri uria\u0219e a producerii de zgomot \u0219i av\u00e2nd un impact mai mic asupra mediului \u00eenconjur\u0103tor.<\/p>\n<h4><\/h4>\n<h4>Pericole\/accidente pentru mediu<\/h4>\n<p>Tot personalul nostru respect\u0103 procedurile de s\u0103n\u0103tate \u0219i siguran\u021b\u0103 pentru a evita orice accident. Ei sunt, de asemenea, foarte instrui\u021bi pentru a manipula materialele \u00een siguran\u021b\u0103, evit\u00e2nd orice scurgere sau accident cu materialul care poate fi periculos pentru individ \u0219i mediu.<\/p>\n<h4>informa\u021bie<\/h4>\n<p>Informa\u021bii actualizate cu privire la politica de mediu sunt men\u021binute \u0219i, de asemenea, comunicate cu clien\u021bii.<\/p>\n<\/div><\/section><\/div>\n\n<div  class='hr av-2syaa0-2f621b574eb6314c777d987043633152 hr-default  avia-builder-el-26  el_after_av_slideshow  avia-builder-el-last'><span class='hr-inner'><span class=\"hr-inner-style\"><\/span><\/span><\/div>","protected":false},"excerpt":{"rendered":"","protected":false},"author":1,"featured_media":0,"parent":0,"menu_order":0,"comment_status":"open","ping_status":"open","template":"","meta":{"_oct_exclude_from_cache":false,"footnotes":""},"class_list":["post-1224","page","type-page","status-publish","hentry"],"_links":{"self":[{"href":"https:\/\/metaenterprices.co.uk\/ro\/wp-json\/wp\/v2\/pages\/1224","targetHints":{"allow":["GET"]}}],"collection":[{"href":"https:\/\/metaenterprices.co.uk\/ro\/wp-json\/wp\/v2\/pages"}],"about":[{"href":"https:\/\/metaenterprices.co.uk\/ro\/wp-json\/wp\/v2\/types\/page"}],"author":[{"embeddable":true,"href":"https:\/\/metaenterprices.co.uk\/ro\/wp-json\/wp\/v2\/users\/1"}],"replies":[{"embeddable":true,"href":"https:\/\/metaenterprices.co.uk\/ro\/wp-json\/wp\/v2\/comments?post=1224"}],"version-history":[{"count":34,"href":"https:\/\/metaenterprices.co.uk\/ro\/wp-json\/wp\/v2\/pages\/1224\/revisions"}],"predecessor-version":[{"id":4107,"href":"https:\/\/metaenterprices.co.uk\/ro\/wp-json\/wp\/v2\/pages\/1224\/revisions\/4107"}],"wp:attachment":[{"href":"https:\/\/metaenterprices.co.uk\/ro\/wp-json\/wp\/v2\/media?parent=1224"}],"curies":[{"name":"wp","href":"https:\/\/api.w.org\/{rel}","templated":true}]}}