{"id":1167,"date":"2013-04-05T13:33:38","date_gmt":"2013-04-05T13:33:38","guid":{"rendered":"http:\/\/www.kriesi.at\/themes\/enfold\/?page_id=1167"},"modified":"2026-02-24T15:17:11","modified_gmt":"2026-02-24T15:17:11","slug":"contact-us","status":"publish","type":"page","link":"https:\/\/metaenterprices.co.uk\/ro\/contact-us\/","title":{"rendered":"Contacteaz\u0103-ne"},"content":{"rendered":"<div id='av_section_1'  class='avia-section av-1zrlhy7-450101b2c586b5fb2f7aad544386da21 main_color avia-section-default avia-no-border-styling  avia-builder-el-0  el_before_av_one_full  avia-builder-el-first  avia-bg-style-scroll container_wrap sidebar_right'  ><div class='container av-section-cont-open' ><main  role=\"main\" itemprop=\"mainContentOfPage\"  class='template-page content  av-content-small alpha units'><div class='post-entry post-entry-type-page post-entry-1167'><div class='entry-content-wrapper clearfix'>\n<section  class='av_textblock_section av-1ymi5rz-b9565d926d7c0fd5683e32947b2a0922'  itemscope=\"itemscope\" itemtype=\"https:\/\/schema.org\/CreativeWork\" ><div class='avia_textblock'  itemprop=\"text\" ><h2 style=\"text-align: center;\"><span style=\"color: #1e89ca;\">Contacteaz\u0103-ne<\/span><\/h2>\n<p style=\"text-align: center;\">Exist\u0103 mai multe modalit\u0103\u021bi de a ne contacta.<\/p>\n<\/div><\/section>\n<div  class='hr av-1wmrutb-4c0dadd3ac0a8bde81a63a0e87445e6b hr-short  avia-builder-el-2  el_after_av_textblock  el_before_av_one_full  hr-center'><span class='hr-inner'><span class=\"hr-inner-style\"><\/span><\/span><\/div>\n\n<style type=\"text\/css\" data-created_by=\"avia_inline_auto\" id=\"style-css-av-1vn9zq7-509779c45b01cb11e737220f9f1d0b90\">\n#top .flex_column.av-1vn9zq7-509779c45b01cb11e737220f9f1d0b90{\nmargin-top:0px;\nmargin-bottom:0px;\n}\n.flex_column.av-1vn9zq7-509779c45b01cb11e737220f9f1d0b90{\n-webkit-border-radius:0px 0px 0px 0px;\n-moz-border-radius:0px 0px 0px 0px;\nborder-radius:0px 0px 0px 0px;\npadding:0px 0px 0px 0px;\n}\n.responsive #top #wrap_all .flex_column.av-1vn9zq7-509779c45b01cb11e737220f9f1d0b90{\nmargin-top:0px;\nmargin-bottom:0px;\n}\n<\/style>\n<div class='flex_column av-1vn9zq7-509779c45b01cb11e737220f9f1d0b90 av_one_full  avia-builder-el-3  el_after_av_hr  el_before_av_one_fourth  first flex_column_div av-zero-column-padding'     ><style type=\"text\/css\" data-created_by=\"avia_inline_auto\" id=\"style-css-av-4ifxlb-55745947e8934e7d0d0e868eacc4abb9\">\n#top .av-special-heading.av-4ifxlb-55745947e8934e7d0d0e868eacc4abb9{\npadding-bottom:10px;\ncolor:#1e89ca;\n}\nbody .av-special-heading.av-4ifxlb-55745947e8934e7d0d0e868eacc4abb9 .av-special-heading-tag .heading-char{\nfont-size:25px;\n}\n.av-special-heading.av-4ifxlb-55745947e8934e7d0d0e868eacc4abb9 .special-heading-inner-border{\nborder-color:#1e89ca;\n}\n.av-special-heading.av-4ifxlb-55745947e8934e7d0d0e868eacc4abb9 .av-subheading{\nfont-size:15px;\n}\n<\/style>\n<div  class='av-special-heading av-4ifxlb-55745947e8934e7d0d0e868eacc4abb9 av-special-heading-h3 custom-color-heading  avia-builder-el-4  avia-builder-el-no-sibling'><h3 class='av-special-heading-tag'  itemprop=\"headline\"  >Birourile noastre<\/h3><div class=\"special-heading-border\"><div class=\"special-heading-inner-border\"><\/div><\/div><\/div><\/div>\n<style type=\"text\/css\" data-created_by=\"avia_inline_auto\" id=\"style-css-av-1rnb5xr-8b0b737dbf9b83e5edc2164bb883c8cb\">\n.flex_column.av-1rnb5xr-8b0b737dbf9b83e5edc2164bb883c8cb{\n-webkit-border-radius:0px 0px 0px 0px;\n-moz-border-radius:0px 0px 0px 0px;\nborder-radius:0px 0px 0px 0px;\npadding:0px 0px 0px 0px;\n}\n<\/style>\n<div class='flex_column av-1rnb5xr-8b0b737dbf9b83e5edc2164bb883c8cb av_one_fourth  avia-builder-el-5  el_after_av_one_full  el_before_av_one_fourth  first flex_column_div av-zero-column-padding column-top-margin'     ><style type=\"text\/css\" data-created_by=\"avia_inline_auto\" id=\"style-css-av-1qsuucf-d7e878e6dd8b87b7fd36e80d22d524b7\">\n#top .av_textblock_section.av-1qsuucf-d7e878e6dd8b87b7fd36e80d22d524b7 .avia_textblock{\nfont-size:15px;\n}\n<\/style>\n<section  class='av_textblock_section av-1qsuucf-d7e878e6dd8b87b7fd36e80d22d524b7'  itemscope=\"itemscope\" itemtype=\"https:\/\/schema.org\/CreativeWork\" ><div class='avia_textblock'  itemprop=\"text\" ><p>UNITED KINGDOM<br \/>\nMetaenterprices Ltd<br \/>\n217 Marsh Wall,<br \/>\nLondon, E14 9FJ<br \/>\nT: +44208 591 44 46<br \/>\nF: +44208 181 45 86<br \/>\ninfo@metaenterprices.co.uk<\/p>\n<\/div><\/section><\/div>\n<style type=\"text\/css\" data-created_by=\"avia_inline_auto\" id=\"style-css-av-1p6703z-ac2a22003b4d341934534511c064aefa\">\n.flex_column.av-1p6703z-ac2a22003b4d341934534511c064aefa{\n-webkit-border-radius:0px 0px 0px 0px;\n-moz-border-radius:0px 0px 0px 0px;\nborder-radius:0px 0px 0px 0px;\npadding:0px 0px 0px 0px;\n}\n<\/style>\n<div class='flex_column av-1p6703z-ac2a22003b4d341934534511c064aefa av_one_fourth  avia-builder-el-7  el_after_av_one_fourth  el_before_av_one_fourth  flex_column_div av-zero-column-padding column-top-margin'     ><style type=\"text\/css\" data-created_by=\"avia_inline_auto\" id=\"style-css-av-1mv3bhr-cd342fdb843ecb70efdf515a2a88b9a9\">\n#top .av_textblock_section.av-1mv3bhr-cd342fdb843ecb70efdf515a2a88b9a9 .avia_textblock{\nfont-size:15px;\n}\n<\/style>\n<section  class='av_textblock_section av-1mv3bhr-cd342fdb843ecb70efdf515a2a88b9a9'  itemscope=\"itemscope\" itemtype=\"https:\/\/schema.org\/CreativeWork\" ><div class='avia_textblock'  itemprop=\"text\" ><p>SERBIA<br \/>\nMetaenterprices D.O.O<br \/>\nSave Ma\u0161kovi\u0107a 3\/1<br \/>\n11040 Belgrade-Serbia<br \/>\nT:+381 11 770 49 43<br \/>\nGSM : +38169 444 9663<br \/>\noffice@metaenterprices.co.uk<\/p>\n<\/div><\/section><\/div>\n<style type=\"text\/css\" data-created_by=\"avia_inline_auto\" id=\"style-css-av-1i196a7-064e699ed5c85ca19a811a436312687b\">\n.flex_column.av-1i196a7-064e699ed5c85ca19a811a436312687b{\n-webkit-border-radius:0px 0px 0px 0px;\n-moz-border-radius:0px 0px 0px 0px;\nborder-radius:0px 0px 0px 0px;\npadding:0px 0px 0px 0px;\n}\n<\/style>\n<div class='flex_column av-1i196a7-064e699ed5c85ca19a811a436312687b av_one_fourth  avia-builder-el-9  el_after_av_one_fourth  el_before_av_one_fourth  flex_column_div av-zero-column-padding column-top-margin'     ><style type=\"text\/css\" data-created_by=\"avia_inline_auto\" id=\"style-css-av-1gre5jz-a6ab8b3d26de8f67e41679b6e9c0e7f1\">\n#top .av_textblock_section.av-1gre5jz-a6ab8b3d26de8f67e41679b6e9c0e7f1 .avia_textblock{\nfont-size:15px;\n}\n<\/style>\n<section  class='av_textblock_section av-1gre5jz-a6ab8b3d26de8f67e41679b6e9c0e7f1'  itemscope=\"itemscope\" itemtype=\"https:\/\/schema.org\/CreativeWork\" ><div class='avia_textblock'  itemprop=\"text\" ><p>Kingdom of Saudi Arabia<br \/>\nMeta\u00eentreprinderi<\/p>\n<\/div><\/section><\/div>\n<style type=\"text\/css\" data-created_by=\"avia_inline_auto\" id=\"style-css-av-1eqdrn3-da9c57ee35fda9ea8178a0df052c365a\">\n.flex_column.av-1eqdrn3-da9c57ee35fda9ea8178a0df052c365a{\n-webkit-border-radius:0px 0px 0px 0px;\n-moz-border-radius:0px 0px 0px 0px;\nborder-radius:0px 0px 0px 0px;\npadding:0px 0px 0px 0px;\n}\n<\/style>\n<div class='flex_column av-1eqdrn3-da9c57ee35fda9ea8178a0df052c365a av_one_fourth  avia-builder-el-11  el_after_av_one_fourth  el_before_av_one_fourth  flex_column_div av-zero-column-padding column-top-margin'     ><style type=\"text\/css\" data-created_by=\"avia_inline_auto\" id=\"style-css-av-1cwo5lr-417adfc4894589ec360ea45e92dcbaf4\">\n#top .av_textblock_section.av-1cwo5lr-417adfc4894589ec360ea45e92dcbaf4 .avia_textblock{\nfont-size:15px;\n}\n<\/style>\n<section  class='av_textblock_section av-1cwo5lr-417adfc4894589ec360ea45e92dcbaf4'  itemscope=\"itemscope\" itemtype=\"https:\/\/schema.org\/CreativeWork\" ><div class='avia_textblock'  itemprop=\"text\" ><p>BULGARIA<br \/>\nMetaenterprices Bulgaria Ltd<br \/>\nFl 2. 5 Knyaz Bogoridi Str.<br \/>\n4000 PLOVDIV<br \/>\nRepublic of Bulgaria<br \/>\noffice@metaenterprices.co.uk<\/p>\n<\/div><\/section><\/div>\n<style type=\"text\/css\" data-created_by=\"avia_inline_auto\" id=\"style-css-av-18lfdm7-68e4c83166cf4a613afd8dc981e62ad7\">\n.flex_column.av-18lfdm7-68e4c83166cf4a613afd8dc981e62ad7{\n-webkit-border-radius:0px 0px 0px 0px;\n-moz-border-radius:0px 0px 0px 0px;\nborder-radius:0px 0px 0px 0px;\npadding:0px 0px 0px 0px;\n}\n<\/style>\n<div class='flex_column av-18lfdm7-68e4c83166cf4a613afd8dc981e62ad7 av_one_fourth  avia-builder-el-13  el_after_av_one_fourth  el_before_av_one_fourth  first flex_column_div av-zero-column-padding column-top-margin'     ><style type=\"text\/css\" data-created_by=\"avia_inline_auto\" id=\"style-css-av-15mwi27-b85c12b12090299aaba4bb73aa0428ed\">\n#top .av_textblock_section.av-15mwi27-b85c12b12090299aaba4bb73aa0428ed .avia_textblock{\nfont-size:15px;\n}\n<\/style>\n<section  class='av_textblock_section av-15mwi27-b85c12b12090299aaba4bb73aa0428ed'  itemscope=\"itemscope\" itemtype=\"https:\/\/schema.org\/CreativeWork\" ><div class='avia_textblock'  itemprop=\"text\" ><p>POLAND<br \/>\nDOMETAL <span lang=\"PL\">Sp. z o. o<\/span><span lang=\"PL\">.<\/span><br \/>\nul. Wr\u00f3bli\u0144ska 30A<br \/>\n46-022 K\u0119pa<br \/>\ndometal@metaenterprices.co.uk<\/p>\n<\/div><\/section><\/div>\n<style type=\"text\/css\" data-created_by=\"avia_inline_auto\" id=\"style-css-av-av_one_fourth-3b23f8e6fda9ada887e5408ce3a289e8\">\n.flex_column.av-av_one_fourth-3b23f8e6fda9ada887e5408ce3a289e8{\n-webkit-border-radius:0px 0px 0px 0px;\n-moz-border-radius:0px 0px 0px 0px;\nborder-radius:0px 0px 0px 0px;\npadding:0px 0px 0px 0px;\n}\n<\/style>\n<div class='flex_column av-av_one_fourth-3b23f8e6fda9ada887e5408ce3a289e8 av_one_fourth  avia-builder-el-15  el_after_av_one_fourth  avia-builder-el-last  flex_column_div av-zero-column-padding column-top-margin'     ><style type=\"text\/css\" data-created_by=\"avia_inline_auto\" id=\"style-css-av-mm0quzqa-0e725b8e369becc2675cf1059c7d6ee2\">\n#top .av_textblock_section.av-mm0quzqa-0e725b8e369becc2675cf1059c7d6ee2 .avia_textblock{\nfont-size:15px;\n}\n<\/style>\n<section  class='av_textblock_section av-mm0quzqa-0e725b8e369becc2675cf1059c7d6ee2'  itemscope=\"itemscope\" itemtype=\"https:\/\/schema.org\/CreativeWork\" ><div class='avia_textblock'  itemprop=\"text\" ><p>Turkey<br \/>\n<span data-teams=\"true\">METAENTERPRICES METAL TICARET LIMITED SIRKETI<\/span><br \/>\n<span data-teams=\"true\">VELIMESE MAH. KANDIL SK. NO: 11 \/1P ERGENE\/ TEKIRDAG<\/span><\/p>\n<p>Google Maps: https:\/\/maps.app.goo.gl\/u4ZmQsuKDTT3gv1x8<\/p>\n<p>Telephone:+44 0208 591 4446<br \/>\nmticaret@metaenterprices.co.uk<\/p>\n<\/div><\/section><\/div><\/div><\/div><\/main><!-- close content main element --><\/div><\/div><div id='after_section_1'  class='main_color av_default_container_wrap container_wrap sidebar_right'  ><div class='container av-section-cont-open' ><div class='template-page content  av-content-small alpha units'><div class='post-entry post-entry-type-page post-entry-1167'><div class='entry-content-wrapper clearfix'>\n<style type=\"text\/css\" data-created_by=\"avia_inline_auto\" id=\"style-css-av-w9ul2n-d1e4a401e6f83cdc9711bee6ea05b549\">\n#top .flex_column.av-w9ul2n-d1e4a401e6f83cdc9711bee6ea05b549{\nmargin-top:10px;\nmargin-bottom:0px;\n}\n.flex_column.av-w9ul2n-d1e4a401e6f83cdc9711bee6ea05b549{\n-webkit-border-radius:0px 0px 0px 0px;\n-moz-border-radius:0px 0px 0px 0px;\nborder-radius:0px 0px 0px 0px;\npadding:0px 0px 0px 0px;\n}\n.responsive #top #wrap_all .flex_column.av-w9ul2n-d1e4a401e6f83cdc9711bee6ea05b549{\nmargin-top:10px;\nmargin-bottom:0px;\n}\n<\/style>\n<div class='flex_column av-w9ul2n-d1e4a401e6f83cdc9711bee6ea05b549 av_one_full  avia-builder-el-17  el_after_av_section  el_before_av_textblock  avia-builder-el-first  first flex_column_div av-zero-column-padding'     ><style type=\"text\/css\" data-created_by=\"avia_inline_auto\" id=\"style-css-av-u1p7m7-823019a2cf54d259d85135d88cd33e4b\">\n#top .av-special-heading.av-u1p7m7-823019a2cf54d259d85135d88cd33e4b{\npadding-bottom:10px;\ncolor:#1e89ca;\n}\nbody .av-special-heading.av-u1p7m7-823019a2cf54d259d85135d88cd33e4b .av-special-heading-tag .heading-char{\nfont-size:25px;\n}\n.av-special-heading.av-u1p7m7-823019a2cf54d259d85135d88cd33e4b .special-heading-inner-border{\nborder-color:#1e89ca;\n}\n.av-special-heading.av-u1p7m7-823019a2cf54d259d85135d88cd33e4b .av-subheading{\nfont-size:10px;\n}\n<\/style>\n<div  class='av-special-heading av-u1p7m7-823019a2cf54d259d85135d88cd33e4b av-special-heading-h3 custom-color-heading  avia-builder-el-18  avia-builder-el-no-sibling'><h3 class='av-special-heading-tag'  itemprop=\"headline\"  >Trimite-ti-ne un e-mail<\/h3><div class=\"special-heading-border\"><div class=\"special-heading-inner-border\"><\/div><\/div><\/div><\/div><\/p>\n<section  class='av_textblock_section av-tl42pb-e475b2c2b4b07c9a848ec878ff8c1e06'  itemscope=\"itemscope\" itemtype=\"https:\/\/schema.org\/CreativeWork\" ><div class='avia_textblock'  itemprop=\"text\" ><p>Pentru toate \u00eentreb\u0103rile, inclusiv pre\u021buri \u0219i oportunit\u0103\u021bi de carier\u0103.<\/p>\n<\/div><\/section>\n<div class='flex_column av-s2shgv-811875ab794f93c8135e746b349b2f5f av_one_full  avia-builder-el-20  el_after_av_textblock  avia-builder-el-last  first flex_column_div column-top-margin'     ><form action=\"https:\/\/metaenterprices.co.uk\/ro\/contact-us\/\" method=\"post\"  class=\"avia_ajax_form av-form-labels-visible   avia-builder-el-21  avia-builder-el-no-sibling  av-centered-form\" data-avia-form-id=\"1\" data-avia-redirect='' data-trp-original-action=\"https:\/\/metaenterprices.co.uk\/ro\/contact-us\/\" ><fieldset><p class='first_form  form_element form_element_half' id='element_avia_1_1'><label for=\"avia_1_1\">Nume <abbr class=\"required\" title=\"required\">*<\/abbr><\/label> <input name=\"avia_1_1\" class=\"text_input is_empty\" type=\"text\" id=\"avia_1_1\" value=\"\" \/><\/p><p class='form_element form_element_half' id='element_avia_2_1'><label for=\"avia_2_1\">E-Mail <abbr class=\"required\" title=\"required\">*<\/abbr><\/label> <input name=\"avia_2_1\" class=\"text_input is_email\" type=\"text\" id=\"avia_2_1\" value=\"\" \/><\/p><p class='first_form  form_element form_element_half' id='element_avia_3_1'><label for=\"avia_3_1\">Numar de contact<\/label> <input name=\"avia_3_1\" class=\"text_input\" type=\"text\" id=\"avia_3_1\" value=\"\" \/><\/p><p class='form_element form_element_half' id='element_avia_4_1'><label for=\"avia_4_1\">Subiect <abbr class=\"required\" title=\"required\">*<\/abbr><\/label> <input name=\"avia_4_1\" class=\"text_input is_empty\" type=\"text\" id=\"avia_4_1\" value=\"\" \/><\/p><p class='first_form  form_element form_fullwidth' id='element_avia_5_1'><label for=\"avia_5_1\" class=\"textare_label hidden textare_label_avia_5_1\">Mesaj <abbr class=\"required\" title=\"required\">*<\/abbr><\/label><textarea  name=\"avia_5_1\" class=\"text_area is_empty\" cols=\"40\" rows=\"7\" id=\"avia_5_1\" ><\/textarea><\/p><p class=\"hidden\"><input type=\"text\" name=\"avia_6_1\" class=\"hidden\" id=\"avia_6_1\" value=\"\" \/><\/p><p class='form_element form_fullwidth' id='element_avia_7_1'><span class='value_verifier_label'>1 + 1 = ?<\/span><input name=\"avia_7_1_verifier\" type=\"hidden\" id=\"avia_7_1_verifier\" value=\"254166427\"\/><label for=\"avia_7_1\">V\u0103 rug\u0103m s\u0103 dovede\u0219ti c\u0103 e\u0219ti om de rezolvarea ecuatiei <abbr class=\"required\" title=\"required\">*<\/abbr><\/label><input name=\"avia_7_1\" class=\"text_input captcha\" type=\"text\" id=\"avia_7_1\" value=\"\"\/><\/p><p class=\"form_element\"><input type=\"hidden\" value=\"1\" name=\"avia_generated_form1\" \/><input type=\"submit\" value=\"Submit\" class=\"button\"  data-sending-label=\"Sending\"\/><\/p><\/fieldset><input type=\"hidden\" name=\"trp-form-language\" value=\"ro\"\/><\/form><div id=\"ajaxresponse_1\" class=\"ajaxresponse ajaxresponse_1 hidden\"><\/div><\/div>","protected":false},"excerpt":{"rendered":"","protected":false},"author":1,"featured_media":0,"parent":0,"menu_order":0,"comment_status":"open","ping_status":"open","template":"","meta":{"_oct_exclude_from_cache":false,"footnotes":""},"class_list":["post-1167","page","type-page","status-publish","hentry"],"_links":{"self":[{"href":"https:\/\/metaenterprices.co.uk\/ro\/wp-json\/wp\/v2\/pages\/1167","targetHints":{"allow":["GET"]}}],"collection":[{"href":"https:\/\/metaenterprices.co.uk\/ro\/wp-json\/wp\/v2\/pages"}],"about":[{"href":"https:\/\/metaenterprices.co.uk\/ro\/wp-json\/wp\/v2\/types\/page"}],"author":[{"embeddable":true,"href":"https:\/\/metaenterprices.co.uk\/ro\/wp-json\/wp\/v2\/users\/1"}],"replies":[{"embeddable":true,"href":"https:\/\/metaenterprices.co.uk\/ro\/wp-json\/wp\/v2\/comments?post=1167"}],"version-history":[{"count":85,"href":"https:\/\/metaenterprices.co.uk\/ro\/wp-json\/wp\/v2\/pages\/1167\/revisions"}],"predecessor-version":[{"id":4473,"href":"https:\/\/metaenterprices.co.uk\/ro\/wp-json\/wp\/v2\/pages\/1167\/revisions\/4473"}],"wp:attachment":[{"href":"https:\/\/metaenterprices.co.uk\/ro\/wp-json\/wp\/v2\/media?parent=1167"}],"curies":[{"name":"wp","href":"https:\/\/api.w.org\/{rel}","templated":true}]}}