{"id":1302,"date":"2013-04-07T16:28:54","date_gmt":"2013-04-07T16:28:54","guid":{"rendered":"http:\/\/www.kriesi.at\/themes\/enfold\/?page_id=1302"},"modified":"2022-06-19T13:10:58","modified_gmt":"2022-06-19T13:10:58","slug":"services","status":"publish","type":"page","link":"https:\/\/metaenterprices.co.uk\/pl\/services\/","title":{"rendered":"US\u0141UGI"},"content":{"rendered":"<div id='av_section_1'  class='avia-section av-1658nli-c7387cda9182803c558350e7e2c0cc20 alternate_color avia-section-default avia-no-shadow  avia-builder-el-0  el_before_av_one_third  avia-builder-el-first  avia-bg-style-scroll container_wrap sidebar_right'  ><div class='container av-section-cont-open' ><main  role=\"main\" itemprop=\"mainContentOfPage\"  class='template-page content  av-content-small alpha units'><div class='post-entry post-entry-type-page post-entry-1302'><div class='entry-content-wrapper clearfix'>\n<section  class='av_textblock_section av-14dhruu-59f78b699d1489dc4cf9b6f5b000227d'  itemscope=\"itemscope\" itemtype=\"https:\/\/schema.org\/CreativeWork\" ><div class='avia_textblock'  itemprop=\"text\" ><h2 style=\"text-align: center;\"><span style=\"color: #1e89ca;\">Nasze Us\u0142ugi<\/span><\/h2>\n<p style=\"text-align: center;\">\n<\/div><\/section>\n<div  class='hr av-13ofupy-6aef3080b651cfedf17a2fe45d4a6983 hr-short  avia-builder-el-2  el_after_av_textblock  el_before_av_textblock  hr-center'><span class='hr-inner'><span class=\"hr-inner-style\"><\/span><\/span><\/div>\n\n<style type=\"text\/css\" data-created_by=\"avia_inline_auto\" id=\"style-css-av-11dj8qe-6aabec1d2aedc804d692fe178e98437d\">\n#top .av_textblock_section.av-11dj8qe-6aabec1d2aedc804d692fe178e98437d .avia_textblock{\nfont-size:15px;\n}\n<\/style>\n<section  class='av_textblock_section av-11dj8qe-6aabec1d2aedc804d692fe178e98437d'  itemscope=\"itemscope\" itemtype=\"https:\/\/schema.org\/CreativeWork\" ><div class='avia_textblock'  itemprop=\"text\" ><p>Dzi\u0119ki ponad dziesi\u0119cioletniemu do\u015bwiadczeniu w bran\u017cy cynkowej, Metaenterprices zobowi\u0105zuje si\u0119 do czynienia ze zr\u00f3wnowa\u017conymi materia\u0142ami,<br \/>\nprowadzenie sieci towar\u00f3w z aktualnymi informacjami o dynamice bran\u017cy. Nasze odzyskiwanie cynku umo\u017cliwia galwanizatorom skupienie si\u0119 na innych aspektach ich dzia\u0142alno\u015bci, poniewa\u017c odpady cynku i produkty uboczne uzyskane z cynkowania s\u0105 gromadzone przez Metaenterprices do dalszego przetwarzania w produkty cynkowe wielokrotnego u\u017cytku.<\/p>\n<p>Niekt\u00f3re us\u0142ugi obejmuj\u0105 \u015bledzenie towar\u00f3w, bezpieczne pakowanie, dostaw\u0119 i odbi\u00f3r za po\u015brednictwem akredytowanej firmy rz\u0105dowej agencji ochrony \u015brodowiska. Dok\u0142adamy wszelkich stara\u0144, aby zaspokaja\u0107 potrzeby naszych klient\u00f3w i zapewnia\u0107 szybk\u0105 reakcj\u0119 na spory i reklamacje.<\/p>\n<\/div><\/section>\n<div  class='hr av-106vj8m-bf39cb5956bcf7ebb3a5007bf95b9b02 hr-short  avia-builder-el-4  el_after_av_textblock  el_before_av_one_full  hr-center'><span class='hr-inner'><span class=\"hr-inner-style\"><\/span><\/span><\/div>\n\n<style type=\"text\/css\" data-created_by=\"avia_inline_auto\" id=\"style-css-av-xvcf2e-01e6b879308515ecb7aafbcd7dabf1a0\">\n.flex_column.av-xvcf2e-01e6b879308515ecb7aafbcd7dabf1a0{\n-webkit-border-radius:0px 0px 0px 0px;\n-moz-border-radius:0px 0px 0px 0px;\nborder-radius:0px 0px 0px 0px;\npadding:0px 0px 0px 0px;\n}\n<\/style>\n<div class='flex_column av-xvcf2e-01e6b879308515ecb7aafbcd7dabf1a0 av_one_full  avia-builder-el-5  el_after_av_hr  avia-builder-el-last  first flex_column_div av-zero-column-padding'     ><p>\n<style type=\"text\/css\" data-created_by=\"avia_inline_auto\" id=\"style-css-av-4bzds6-73ac3af5b237ee878a66f571ced3f121\">\n#top .av-special-heading.av-4bzds6-73ac3af5b237ee878a66f571ced3f121{\npadding-bottom:10px;\ncolor:#1e89ca;\n}\nbody .av-special-heading.av-4bzds6-73ac3af5b237ee878a66f571ced3f121 .av-special-heading-tag .heading-char{\nfont-size:25px;\n}\n.av-special-heading.av-4bzds6-73ac3af5b237ee878a66f571ced3f121 .special-heading-inner-border{\nborder-color:#1e89ca;\n}\n.av-special-heading.av-4bzds6-73ac3af5b237ee878a66f571ced3f121 .av-subheading{\nfont-size:10px;\n}\n<\/style>\n<div  class='av-special-heading av-4bzds6-73ac3af5b237ee878a66f571ced3f121 av-special-heading-h3 custom-color-heading  avia-builder-el-6  el_before_av_iconlist  avia-builder-el-first'><h3 class='av-special-heading-tag'  itemprop=\"headline\"  >Us\u0142ugi podstawowe<\/h3><div class=\"special-heading-border\"><div class=\"special-heading-inner-border\"><\/div><\/div><\/div><br \/>\n\n<style type=\"text\/css\" data-created_by=\"avia_inline_auto\" id=\"style-css-av-veyu12-de1b93c3d2e183485fdb75a73bb681f6\">\n#top .avia-icon-list-container.av-veyu12-de1b93c3d2e183485fdb75a73bb681f6 .iconlist_icon{\nbackground-color:#1e89ca;\n}\n#top #wrap_all .avia-icon-list-container.av-veyu12-de1b93c3d2e183485fdb75a73bb681f6 .av_iconlist_title{\ncolor:#1e89ca;\n}\n<\/style>\n<div  class='avia-icon-list-container av-veyu12-de1b93c3d2e183485fdb75a73bb681f6  avia-builder-el-7  el_after_av_heading  avia-builder-el-last'><ul class='avia-icon-list avia_animate_when_almost_visible avia-icon-list-left av-iconlist-big av-veyu12-de1b93c3d2e183485fdb75a73bb681f6 avia-iconlist-animate'>\n<li><div class='iconlist_icon av-sjz23a-96341f8e43c83b6b71b6cf48cfd13348 avia-font-entypo-fontello'><span class='iconlist-char' aria-hidden='true' data-av_icon='\ue8b1' data-av_iconfont='entypo-fontello'><\/span><\/div><article class=\"article-icon-entry\"  itemscope=\"itemscope\" itemtype=\"https:\/\/schema.org\/CreativeWork\" ><div class=\"iconlist_content_wrap\"><header class=\"entry-content-header\"><h4 class='av_iconlist_title iconlist_title  av_inherit_color'  itemprop=\"headline\" >ODBI\u00d3R MI\u0118DZYNARODOWY<\/h4><\/header><div class='iconlist_content'  itemprop=\"text\" ><p>Odpady mog\u0105 by\u0107 odbierane z wybranej lokalizacji, a nasi agenci s\u0105 \u0142atwo dost\u0119pni zar\u00f3wno na ca\u0142ym \u015bwiecie<\/p>\n<p>jak i lokalnie w celu pomocy Pa\u0144stwu w realizacji zam\u00f3wienia.<\/p>\n<\/div><\/div><footer class=\"entry-footer\"><\/footer><\/article><div class=\"iconlist-timeline\"><\/div><\/li>\n<li><div class='iconlist_icon av-qs4j6e-77588aef04d443f12a96047e63bcfc9c avia-font-entypo-fontello'><span class='iconlist-char' aria-hidden='true' data-av_icon='\ue8b6' data-av_iconfont='entypo-fontello'><\/span><\/div><article class=\"article-icon-entry\"  itemscope=\"itemscope\" itemtype=\"https:\/\/schema.org\/CreativeWork\" ><div class=\"iconlist_content_wrap\"><header class=\"entry-content-header\"><h4 class='av_iconlist_title iconlist_title  av_inherit_color'  itemprop=\"headline\" >DOSTAWA MI\u0118DZYNARODOWA<\/h4><\/header><div class='iconlist_content'  itemprop=\"text\" ><p>Mi\u0119dzynarodowa dostawa do wybranego miejsca docelowego najwygodniejszym \u015brodkiem transportu<\/p>\n<p>oraz gwarantowane bezpieczne opakowanie i ubezpieczenie na wypadek przypadkowego uszkodzenia.<\/p>\n<\/div><\/div><footer class=\"entry-footer\"><\/footer><\/article><div class=\"iconlist-timeline\"><\/div><\/li>\n<li><div class='iconlist_icon av-38bhgm-2bb1972073aef13bb5bfd60d4fa2f7e2 avia-font-entypo-fontello'><span class='iconlist-char' aria-hidden='true' data-av_icon='\ue8ad' data-av_iconfont='entypo-fontello'><\/span><\/div><article class=\"article-icon-entry\"  itemscope=\"itemscope\" itemtype=\"https:\/\/schema.org\/CreativeWork\" ><div class=\"iconlist_content_wrap\"><header class=\"entry-content-header\"><h4 class='av_iconlist_title iconlist_title  av_inherit_color'  itemprop=\"headline\" >DROG\u0104 KOLEJ\u0104 LUB MORZEM<\/h4><\/header><div class='iconlist_content'  itemprop=\"text\" ><p>Zajmujemy si\u0119 wszystkimi \u015brodkami transportu i staramy si\u0119 korzysta\u0107 z najwygodniejszych dla cynku<\/p>\n<p>towary lub preferencje klienta.<\/p>\n<\/div><\/div><footer class=\"entry-footer\"><\/footer><\/article><div class=\"iconlist-timeline\"><\/div><\/li>\n<li><div class='iconlist_icon av-o6frfa-1ef73d83d66a7365bd2bdc2c7b2e4903 avia-font-entypo-fontello'><span class='iconlist-char' aria-hidden='true' data-av_icon='\ue824' data-av_iconfont='entypo-fontello'><\/span><\/div><article class=\"article-icon-entry\"  itemscope=\"itemscope\" itemtype=\"https:\/\/schema.org\/CreativeWork\" ><div class=\"iconlist_content_wrap\"><header class=\"entry-content-header\"><h4 class='av_iconlist_title iconlist_title  av_inherit_color'  itemprop=\"headline\" >BEZPIECZNE OPAKOWANIE<\/h4><\/header><div class='iconlist_content'  itemprop=\"text\" ><p>Transport towar\u00f3w jest dostarczany ze standardowym opakowaniem bran\u017cowym i ubezpieczeniem na wypadek szk\u00f3d<\/p>\n<p>towar\u00f3w w drodze, zapewniaj\u0105c spok\u00f3j ducha przy sk\u0142adaniu zam\u00f3wienia i przyczyniaj\u0105c si\u0119 do bardziej ekologicznego \u015brodowiska.<\/p>\n<\/div><\/div><footer class=\"entry-footer\"><\/footer><\/article><div class=\"iconlist-timeline\"><\/div><\/li>\n<li><div class='iconlist_icon av-2b8fdi-10f42faf4ee1b6ee6d25abdd002641a0 avia-font-entypo-fontello'><span class='iconlist-char' aria-hidden='true' data-av_icon='\ue855' data-av_iconfont='entypo-fontello'><\/span><\/div><article class=\"article-icon-entry\"  itemscope=\"itemscope\" itemtype=\"https:\/\/schema.org\/CreativeWork\" ><div class=\"iconlist_content_wrap\"><header class=\"entry-content-header\"><h4 class='av_iconlist_title iconlist_title  av_inherit_color'  itemprop=\"headline\" >MONITOROWANIE<\/h4><\/header><div class='iconlist_content'  itemprop=\"text\" ><p>Autentycznie \u015bledzone, zabezpieczone i monitorowane podczas ca\u0142ej podr\u00f3\u017cy z aktualnymi<\/p>\n<p>informacje o stanie towar\u00f3w.<\/p>\n<\/div><\/div><footer class=\"entry-footer\"><\/footer><\/article><div class=\"iconlist-timeline\"><\/div><\/li>\n<\/ul><\/div><\/p><\/div><\/div><\/div><\/main><!-- close content main element --><\/div><\/div><div id='after_section_1'  class='main_color av_default_container_wrap container_wrap sidebar_right'  ><div class='container av-section-cont-open' ><div class='template-page content  av-content-small alpha units'><div class='post-entry post-entry-type-page post-entry-1302'><div class='entry-content-wrapper clearfix'>\n<style type=\"text\/css\" data-created_by=\"avia_inline_auto\" id=\"style-css-av-khq0yu-95f61ba1684f42a24c011f1787276c41\">\n.flex_column.av-khq0yu-95f61ba1684f42a24c011f1787276c41{\n-webkit-border-radius:0px 0px 0px 0px;\n-moz-border-radius:0px 0px 0px 0px;\nborder-radius:0px 0px 0px 0px;\npadding:0px 0px 0px 0px;\n}\n<\/style>\n<div class='flex_column av-khq0yu-95f61ba1684f42a24c011f1787276c41 av_one_third  avia-builder-el-8  el_after_av_section  el_before_av_one_third  avia-builder-el-first  first flex_column_div av-zero-column-padding'     ><p><div  class='avia-slideshow av-jq3ihy-55182fb7ef73e112ae71b97ddd899634 avia-slideshow-medium av_slideshow avia-slide-slider  avia-builder-el-9  el_before_av_textblock  avia-builder-el-first  av-slideshow-ui av-slideshow-manual av-loop-once av-loop-manual-endless av-default-height-applied avia-slideshow-1' data-slideshow-options=\"{&quot;animation&quot;:&quot;slide&quot;,&quot;autoplay&quot;:false,&quot;loop_autoplay&quot;:&quot;once&quot;,&quot;interval&quot;:5,&quot;loop_manual&quot;:&quot;manual-endless&quot;,&quot;autoplay_stopper&quot;:false,&quot;noNavigation&quot;:false,&quot;bg_slider&quot;:false,&quot;keep_padding&quot;:false,&quot;hoverpause&quot;:false,&quot;show_slide_delay&quot;:0}\"  itemprop=\"image\" itemscope=\"itemscope\" itemtype=\"https:\/\/schema.org\/ImageObject\" ><ul class='avia-slideshow-inner' style='padding-bottom: 74.333333333333%;'><li  class='avia-slideshow-slide av-jq3ihy-55182fb7ef73e112ae71b97ddd899634__0  av-single-slide slide-1 slide-odd'><div data-rel='slideshow-1' class='avia-slide-wrap'   ><img decoding=\"async\" class=\"wp-image-3665 avia-img-lazy-loading-not-3665\"  src=\"https:\/\/metaenterprices.co.uk\/wp-content\/uploads\/2013\/04\/011-e1461288509521-300x223.jpg\" width=\"300\" height=\"223\" title='011' alt=''  itemprop=\"thumbnailUrl\" srcset=\"https:\/\/metaenterprices.co.uk\/wp-content\/uploads\/2013\/04\/011-e1461288509521-300x223.jpg 300w, https:\/\/metaenterprices.co.uk\/wp-content\/uploads\/2013\/04\/011-e1461288509521-450x334.jpg 450w, https:\/\/metaenterprices.co.uk\/wp-content\/uploads\/2013\/04\/011-e1461288509521.jpg 544w\" sizes=\"(max-width: 300px) 100vw, 300px\" \/><\/div><\/li><\/ul><\/div><br \/>\n<section  class='av_textblock_section av-g90k0m-986049eaa9596e29049ee0452673730a'  itemscope=\"itemscope\" itemtype=\"https:\/\/schema.org\/CreativeWork\" ><div class='avia_textblock'  itemprop=\"text\" ><h4>Kontrola produkt\u00f3w pod k\u0105tem kontroli jako\u015bci i dba\u0142o\u015bci o \u015brodowisko<\/h4>\n<h4><\/h4>\n<\/div><\/section><\/p><\/div><\/p>\n\n<style type=\"text\/css\" data-created_by=\"avia_inline_auto\" id=\"style-css-av-dy5vh2-0b1c552d90ee74548391c147b6bede32\">\n.flex_column.av-dy5vh2-0b1c552d90ee74548391c147b6bede32{\n-webkit-border-radius:0px 0px 0px 0px;\n-moz-border-radius:0px 0px 0px 0px;\nborder-radius:0px 0px 0px 0px;\npadding:0px 0px 0px 0px;\n}\n<\/style>\n<div class='flex_column av-dy5vh2-0b1c552d90ee74548391c147b6bede32 av_one_third  avia-builder-el-11  el_after_av_one_third  el_before_av_one_third  flex_column_div av-zero-column-padding'     ><p><div  class='avia-slideshow av-crj8k6-c8259c631b330aced05f7d95fcdbc24b avia-slideshow-medium av_slideshow avia-slide-slider  avia-builder-el-12  el_before_av_textblock  avia-builder-el-first  av-slideshow-ui av-slideshow-manual av-loop-once av-loop-manual-endless av-default-height-applied avia-slideshow-2' data-slideshow-options=\"{&quot;animation&quot;:&quot;slide&quot;,&quot;autoplay&quot;:false,&quot;loop_autoplay&quot;:&quot;once&quot;,&quot;interval&quot;:5,&quot;loop_manual&quot;:&quot;manual-endless&quot;,&quot;autoplay_stopper&quot;:false,&quot;noNavigation&quot;:false,&quot;bg_slider&quot;:false,&quot;keep_padding&quot;:false,&quot;hoverpause&quot;:false,&quot;show_slide_delay&quot;:0}\"  itemprop=\"image\" itemscope=\"itemscope\" itemtype=\"https:\/\/schema.org\/ImageObject\" ><ul class='avia-slideshow-inner' style='padding-bottom: 75%;'><li  class='avia-slideshow-slide av-crj8k6-c8259c631b330aced05f7d95fcdbc24b__0  av-single-slide slide-1 slide-odd'><div data-rel='slideshow-2' class='avia-slide-wrap'   ><img loading=\"lazy\" decoding=\"async\" class=\"wp-image-3599 avia-img-lazy-loading-not-3599\" src=\"https:\/\/metaenterprices.co.uk\/wp-content\/uploads\/2016\/04\/MEX14150024-2-300x225.jpg\"  width=\"300\" height=\"225\" title='MEX14150024-2' alt='' itemprop=\"thumbnailUrl\"  srcset=\"https:\/\/metaenterprices.co.uk\/wp-content\/uploads\/2016\/04\/MEX14150024-2-300x225.jpg 300w, https:\/\/metaenterprices.co.uk\/wp-content\/uploads\/2016\/04\/MEX14150024-2-768x576.jpg 768w, https:\/\/metaenterprices.co.uk\/wp-content\/uploads\/2016\/04\/MEX14150024-2-705x529.jpg 705w, https:\/\/metaenterprices.co.uk\/wp-content\/uploads\/2016\/04\/MEX14150024-2-450x338.jpg 450w, https:\/\/metaenterprices.co.uk\/wp-content\/uploads\/2016\/04\/MEX14150024-2.jpg 1024w\" sizes=\"auto, (max-width: 300px) 100vw, 300px\" \/><\/div><\/li><\/ul><\/div><br \/>\n<section  class='av_textblock_section av-8hbbqe-bfd6597f6e371a733b6905a6bddda1c0'  itemscope=\"itemscope\" itemtype=\"https:\/\/schema.org\/CreativeWork\" ><div class='avia_textblock'  itemprop=\"text\" ><h4>Pakowane, zabezpieczone i zabezpieczone przed warunkami atmosferycznymi<\/h4>\n<\/div><\/section><\/p><\/div>\n\n<style type=\"text\/css\" data-created_by=\"avia_inline_auto\" id=\"style-css-av-7ppo4m-7ba919e1cf008e1e53e1bfb9adb2787c\">\n.flex_column.av-7ppo4m-7ba919e1cf008e1e53e1bfb9adb2787c{\n-webkit-border-radius:0px 0px 0px 0px;\n-moz-border-radius:0px 0px 0px 0px;\nborder-radius:0px 0px 0px 0px;\npadding:0px 0px 0px 0px;\n}\n<\/style>\n<div class='flex_column av-7ppo4m-7ba919e1cf008e1e53e1bfb9adb2787c av_one_third  avia-builder-el-14  el_after_av_one_third  avia-builder-el-last  flex_column_div av-zero-column-padding'     ><p><div  class='avia-slideshow av-5xrabq-df11191b874dbe4a269472fbe3903955 avia-slideshow-medium av_slideshow avia-slide-slider  avia-builder-el-15  el_before_av_textblock  avia-builder-el-first  av-slideshow-ui av-slideshow-manual av-loop-once av-loop-manual-endless av-default-height-applied avia-slideshow-3' data-slideshow-options=\"{&quot;animation&quot;:&quot;slide&quot;,&quot;autoplay&quot;:false,&quot;loop_autoplay&quot;:&quot;once&quot;,&quot;interval&quot;:5,&quot;loop_manual&quot;:&quot;manual-endless&quot;,&quot;autoplay_stopper&quot;:false,&quot;noNavigation&quot;:false,&quot;bg_slider&quot;:false,&quot;keep_padding&quot;:false,&quot;hoverpause&quot;:false,&quot;show_slide_delay&quot;:0}\"  itemprop=\"image\" itemscope=\"itemscope\" itemtype=\"https:\/\/schema.org\/ImageObject\" ><ul class='avia-slideshow-inner' style='padding-bottom: 75%;'><li  class='avia-slideshow-slide av-5xrabq-df11191b874dbe4a269472fbe3903955__0  av-single-slide slide-1 slide-odd'><div data-rel='slideshow-3' class='avia-slide-wrap'   ><img loading=\"lazy\" decoding=\"async\" class=\"wp-image-3597 avia-img-lazy-loading-not-3597\" src=\"https:\/\/metaenterprices.co.uk\/wp-content\/uploads\/2016\/04\/IMG_0730-300x225.jpg\"  width=\"300\" height=\"225\" title='IMG_0730' alt='' itemprop=\"thumbnailUrl\"  srcset=\"https:\/\/metaenterprices.co.uk\/wp-content\/uploads\/2016\/04\/IMG_0730-300x225.jpg 300w, https:\/\/metaenterprices.co.uk\/wp-content\/uploads\/2016\/04\/IMG_0730-768x576.jpg 768w, https:\/\/metaenterprices.co.uk\/wp-content\/uploads\/2016\/04\/IMG_0730-1030x773.jpg 1030w, https:\/\/metaenterprices.co.uk\/wp-content\/uploads\/2016\/04\/IMG_0730-1500x1125.jpg 1500w, https:\/\/metaenterprices.co.uk\/wp-content\/uploads\/2016\/04\/IMG_0730-705x529.jpg 705w, https:\/\/metaenterprices.co.uk\/wp-content\/uploads\/2016\/04\/IMG_0730-450x338.jpg 450w\" sizes=\"auto, (max-width: 300px) 100vw, 300px\" \/><\/div><\/li><\/ul><\/div><br \/>\n<section  class='av_textblock_section av-39j7ja-59c2a3aaf58ee8bce2d31175caad6c2e'  itemscope=\"itemscope\" itemtype=\"https:\/\/schema.org\/CreativeWork\" ><div class='avia_textblock'  itemprop=\"text\" ><h4>Bezpiecznie za\u0142adowany i wys\u0142any na ca\u0142y \u015bwiat<\/h4>\n<\/div><\/section><\/p><\/div>","protected":false},"excerpt":{"rendered":"","protected":false},"author":1,"featured_media":0,"parent":0,"menu_order":0,"comment_status":"open","ping_status":"open","template":"","meta":{"_oct_exclude_from_cache":false,"footnotes":""},"class_list":["post-1302","page","type-page","status-publish","hentry"],"_links":{"self":[{"href":"https:\/\/metaenterprices.co.uk\/pl\/wp-json\/wp\/v2\/pages\/1302","targetHints":{"allow":["GET"]}}],"collection":[{"href":"https:\/\/metaenterprices.co.uk\/pl\/wp-json\/wp\/v2\/pages"}],"about":[{"href":"https:\/\/metaenterprices.co.uk\/pl\/wp-json\/wp\/v2\/types\/page"}],"author":[{"embeddable":true,"href":"https:\/\/metaenterprices.co.uk\/pl\/wp-json\/wp\/v2\/users\/1"}],"replies":[{"embeddable":true,"href":"https:\/\/metaenterprices.co.uk\/pl\/wp-json\/wp\/v2\/comments?post=1302"}],"version-history":[{"count":36,"href":"https:\/\/metaenterprices.co.uk\/pl\/wp-json\/wp\/v2\/pages\/1302\/revisions"}],"predecessor-version":[{"id":4132,"href":"https:\/\/metaenterprices.co.uk\/pl\/wp-json\/wp\/v2\/pages\/1302\/revisions\/4132"}],"wp:attachment":[{"href":"https:\/\/metaenterprices.co.uk\/pl\/wp-json\/wp\/v2\/media?parent=1302"}],"curies":[{"name":"wp","href":"https:\/\/api.w.org\/{rel}","templated":true}]}}