{"id":1224,"date":"2013-04-05T17:31:26","date_gmt":"2013-04-05T17:31:26","guid":{"rendered":"http:\/\/www.kriesi.at\/themes\/enfold\/?page_id=1224"},"modified":"2022-06-18T15:14:20","modified_gmt":"2022-06-18T15:14:20","slug":"policies","status":"publish","type":"page","link":"https:\/\/metaenterprices.co.uk\/pl\/policies\/","title":{"rendered":"Policies"},"content":{"rendered":"<div id='av_section_1'  class='avia-section av-1edv8js-59a06f5215246f321097641341dc6ebd alternate_color avia-section-default avia-no-shadow  avia-builder-el-0  el_before_av_hr  avia-builder-el-first  avia-bg-style-scroll container_wrap sidebar_right'  ><div class='container av-section-cont-open' ><main  role=\"main\" itemprop=\"mainContentOfPage\"  class='template-page content  av-content-small alpha units'><div class='post-entry post-entry-type-page post-entry-1224'><div class='entry-content-wrapper clearfix'>\n<section  class='av_textblock_section av-1d00eco-409421f7481a3802a7d2ce1021894e1a'  itemscope=\"itemscope\" itemtype=\"https:\/\/schema.org\/CreativeWork\" ><div class='avia_textblock'  itemprop=\"text\" ><h2 style=\"text-align: center;\"><span style=\"color: #1e89ca;\">Nasze zasady<\/span><\/h2>\n<p style=\"text-align: center;\">\n<\/div><\/section>\n<div  class='hr av-1artb60-d9c5726917ff2f3f2ff97d2eec1106b5 hr-short  avia-builder-el-2  el_after_av_textblock  el_before_av_one_half  hr-center'><span class='hr-inner'><span class=\"hr-inner-style\"><\/span><\/span><\/div>\n\n<style type=\"text\/css\" data-created_by=\"avia_inline_auto\" id=\"style-css-av-1a0eih4-193b380485caaa000a086662f1bfaab7\">\n.flex_column.av-1a0eih4-193b380485caaa000a086662f1bfaab7{\n-webkit-border-radius:0px 0px 0px 0px;\n-moz-border-radius:0px 0px 0px 0px;\nborder-radius:0px 0px 0px 0px;\npadding:0px 0px 0px 0px;\n}\n<\/style>\n<div class='flex_column av-1a0eih4-193b380485caaa000a086662f1bfaab7 av_one_half  avia-builder-el-3  el_after_av_hr  el_before_av_one_half  first flex_column_div av-zero-column-padding'     ><section  class='av_textblock_section av-181r048-e839d4f54b9a1969088769701e9379a3'  itemscope=\"itemscope\" itemtype=\"https:\/\/schema.org\/CreativeWork\" ><div class='avia_textblock'  itemprop=\"text\" ><h2><span style=\"color: #3bade3;\">\u015aWIADOMI EKOLOGICZNIE<\/span><\/h2>\n<\/div><\/section><br \/>\n<div  class='avia-slideshow av-16qsbx4-9edbde9532dd4fdc0b9b6ee3164a800c avia-slideshow-featured av_slideshow avia-slide-slider  avia-builder-el-5  el_after_av_textblock  avia-builder-el-last  av-slideshow-ui av-slideshow-manual av-loop-once av-loop-manual-endless av-default-height-applied avia-slideshow-1' data-slideshow-options=\"{&quot;animation&quot;:&quot;slide&quot;,&quot;autoplay&quot;:false,&quot;loop_autoplay&quot;:&quot;once&quot;,&quot;interval&quot;:5,&quot;loop_manual&quot;:&quot;manual-endless&quot;,&quot;autoplay_stopper&quot;:false,&quot;noNavigation&quot;:false,&quot;bg_slider&quot;:false,&quot;keep_padding&quot;:false,&quot;hoverpause&quot;:false,&quot;show_slide_delay&quot;:0}\"  itemprop=\"image\" itemscope=\"itemscope\" itemtype=\"https:\/\/schema.org\/ImageObject\" ><ul class='avia-slideshow-inner' style='padding-bottom: 60%;'><li  class='avia-slideshow-slide av-16qsbx4-9edbde9532dd4fdc0b9b6ee3164a800c__0  av-single-slide slide-1 slide-odd'><div data-rel='slideshow-1' class='avia-slide-wrap'   ><img decoding=\"async\" class=\"wp-image-3481 avia-img-lazy-loading-not-3481\"  src=\"https:\/\/metaenterprices.co.uk\/wp-content\/uploads\/2016\/04\/light.jpg\" width=\"600\" height=\"360\" title='light' alt=''  itemprop=\"thumbnailUrl\" srcset=\"https:\/\/metaenterprices.co.uk\/wp-content\/uploads\/2016\/04\/light.jpg 600w, https:\/\/metaenterprices.co.uk\/wp-content\/uploads\/2016\/04\/light-300x180.jpg 300w, https:\/\/metaenterprices.co.uk\/wp-content\/uploads\/2016\/04\/light-450x270.jpg 450w\" sizes=\"(max-width: 600px) 100vw, 600px\" \/><\/div><\/li><\/ul><\/div><\/p><\/div>\n<style type=\"text\/css\" data-created_by=\"avia_inline_auto\" id=\"style-css-av-1295sbs-8a7a4a82a501d09d2bcb7d07a2075138\">\n.flex_column.av-1295sbs-8a7a4a82a501d09d2bcb7d07a2075138{\n-webkit-border-radius:0px 0px 0px 0px;\n-moz-border-radius:0px 0px 0px 0px;\nborder-radius:0px 0px 0px 0px;\npadding:0px 0px 0px 0px;\n}\n<\/style>\n<div class='flex_column av-1295sbs-8a7a4a82a501d09d2bcb7d07a2075138 av_one_half  avia-builder-el-6  el_after_av_one_half  el_before_av_hr  flex_column_div av-zero-column-padding'     ><style type=\"text\/css\" data-created_by=\"avia_inline_auto\" id=\"style-css-av-11iifag-4dd71b71f4db6c1c23adf8f9f89e9364\">\n#top .av_textblock_section.av-11iifag-4dd71b71f4db6c1c23adf8f9f89e9364 .avia_textblock{\nfont-size:15px;\n}\n<\/style>\n<section  class='av_textblock_section av-11iifag-4dd71b71f4db6c1c23adf8f9f89e9364'  itemscope=\"itemscope\" itemtype=\"https:\/\/schema.org\/CreativeWork\" ><div class='avia_textblock'  itemprop=\"text\" ><p>Jako certyfikowana firma posiadaj\u0105ca ISO szczycimy si\u0119 dbaniem o \u015brodowisko naturalne. Dok\u0142adamy wszelkich stara\u0144, aby nasze produkty i us\u0142ugi by\u0142y zgodne z brytyjskimi i mi\u0119dzynarodowymi przepisami agencji ochrony \u015brodowiska, a nasza rejestracja ISO 9001 zapewnia odpowiedni\u0105 jako\u015b\u0107 towar\u00f3w, kt\u00f3ra bezpo\u015brednio zmniejsza negatywny wp\u0142yw na \u015brodowisko.<\/p>\n<p><strong>Przepisy dotycz\u0105ce odpad\u00f3w:<\/strong><\/p>\n<p>\u015awiadectwo rejestracji zgodnie z przepisami dotycz\u0105cymi odpad\u00f3w w Anglii i Walii z 2011 r.<\/p>\n<p><strong>Zagro\u017cenia \u015brodowiskowe \/ wypadki: <\/strong><\/p>\n<p>Naszym priorytetem jest przestrzeganie procedur BHP, aby unikn\u0105\u0107 wypadk\u00f3w, jak r\u00f3wnie\u017c dobre przeszkolenie w zakresie bezpiecznego obchodzenia si\u0119 z materia\u0142em, unikaj\u0105c rozlania lub wypadku, kt\u00f3ry mo\u017ce stanowi\u0107 zagro\u017cenie dla \u015brodowiska.<\/p>\n<p><strong>Jeste\u015bmy w pe\u0142ni \u015bwiadomi i wyposa\u017ceni w unijne regulacje REACH oraz dalsze brytyjskie regulacje REACH po Brexicie.<\/strong><\/p>\n<\/div><\/section><\/div><div  class='hr av-10a39ug-2612a67a1526ce200c2a3224f4d3c055 hr-default  avia-builder-el-8  el_after_av_one_half  el_before_av_one_half'><span class='hr-inner'><span class=\"hr-inner-style\"><\/span><\/span><\/div>\n\n<style type=\"text\/css\" data-created_by=\"avia_inline_auto\" id=\"style-css-av-xs9tiw-062d2590c5e0ad07f3fb3196e8c94c30\">\n.flex_column.av-xs9tiw-062d2590c5e0ad07f3fb3196e8c94c30{\n-webkit-border-radius:0px 0px 0px 0px;\n-moz-border-radius:0px 0px 0px 0px;\nborder-radius:0px 0px 0px 0px;\npadding:0px 0px 0px 0px;\n}\n<\/style>\n<div class='flex_column av-xs9tiw-062d2590c5e0ad07f3fb3196e8c94c30 av_one_half  avia-builder-el-9  el_after_av_hr  el_before_av_one_half  first flex_column_div av-zero-column-padding'     ><section  class='av_textblock_section av-w3mlug-6b8545144e232d0984cc7a01e8712397'  itemscope=\"itemscope\" itemtype=\"https:\/\/schema.org\/CreativeWork\" ><div class='avia_textblock'  itemprop=\"text\" ><h2><span style=\"color: #3bade3;\">OBS\u0141UGA KLIENTA\u2026<\/span><\/h2>\n<\/div><\/section><br \/>\n<div  class='avia-slideshow av-u5cllk-def8994894f0f4b9afc0c8cb15f87411 avia-slideshow-featured av_slideshow avia-slide-slider  avia-builder-el-11  el_after_av_textblock  avia-builder-el-last  av-slideshow-ui av-slideshow-manual av-loop-once av-loop-manual-endless av-default-height-applied avia-slideshow-2' data-slideshow-options=\"{&quot;animation&quot;:&quot;slide&quot;,&quot;autoplay&quot;:false,&quot;loop_autoplay&quot;:&quot;once&quot;,&quot;interval&quot;:5,&quot;loop_manual&quot;:&quot;manual-endless&quot;,&quot;autoplay_stopper&quot;:false,&quot;noNavigation&quot;:false,&quot;bg_slider&quot;:false,&quot;keep_padding&quot;:false,&quot;hoverpause&quot;:false,&quot;show_slide_delay&quot;:0}\"  itemprop=\"image\" itemscope=\"itemscope\" itemtype=\"https:\/\/schema.org\/ImageObject\" ><ul class='avia-slideshow-inner' style='padding-bottom: 25.333333333333%;'><li  class='avia-slideshow-slide av-u5cllk-def8994894f0f4b9afc0c8cb15f87411__0  av-single-slide slide-1 slide-odd'><div data-rel='slideshow-2' class='avia-slide-wrap'   ><img loading=\"lazy\" decoding=\"async\" class=\"wp-image-3479 avia-img-lazy-loading-not-3479\" src=\"https:\/\/metaenterprices.co.uk\/wp-content\/uploads\/2016\/04\/glasocaiation2-300x76.png\"  width=\"300\" height=\"76\" title='glasocaiation2-300x76' alt='' itemprop=\"thumbnailUrl\"   \/><\/div><\/li><\/ul><\/div><\/p><\/div>\n<style type=\"text\/css\" data-created_by=\"avia_inline_auto\" id=\"style-css-av-qx6xh4-fc8b410551c3df838fa08e803998f534\">\n.flex_column.av-qx6xh4-fc8b410551c3df838fa08e803998f534{\n-webkit-border-radius:0px 0px 0px 0px;\n-moz-border-radius:0px 0px 0px 0px;\nborder-radius:0px 0px 0px 0px;\npadding:0px 0px 0px 0px;\n}\n<\/style>\n<div class='flex_column av-qx6xh4-fc8b410551c3df838fa08e803998f534 av_one_half  avia-builder-el-12  el_after_av_one_half  el_before_av_hr  flex_column_div av-zero-column-padding'     ><style type=\"text\/css\" data-created_by=\"avia_inline_auto\" id=\"style-css-av-qf1f8o-effe5defc53949c3a2f8dfb79ad5a35e\">\n#top .av_textblock_section.av-qf1f8o-effe5defc53949c3a2f8dfb79ad5a35e .avia_textblock{\nfont-size:15px;\n}\n<\/style>\n<section  class='av_textblock_section av-qf1f8o-effe5defc53949c3a2f8dfb79ad5a35e'  itemscope=\"itemscope\" itemtype=\"https:\/\/schema.org\/CreativeWork\" ><div class='avia_textblock'  itemprop=\"text\" ><p>Jako Cz\u0142onek Stowarzyszenia Cynkownik\u00f3w dok\u0142adamy wszelkich stara\u0144 aby \u015bwiadczone przez nas us\u0142ugi by\u0142y transparentne i godne zaufania.<\/p>\n<p>Prosz\u0119 odwied\u017a <a href=\"http:\/\/www.galvanizing.org.uk\">www.galvanizing.org.uk<\/a> po wi\u0119cej informacji.<\/p>\n<\/div><\/section><\/div><div  class='hr av-2f3ygo-baf887f948cf26be443f96c3743d73eb hr-default  avia-builder-el-14  el_after_av_one_half  el_before_av_one_half'><span class='hr-inner'><span class=\"hr-inner-style\"><\/span><\/span><\/div>\n\n<style type=\"text\/css\" data-created_by=\"avia_inline_auto\" id=\"style-css-av-lriorc-8f2f5fc1b85d11556caf9c0c20b6f2f7\">\n.flex_column.av-lriorc-8f2f5fc1b85d11556caf9c0c20b6f2f7{\n-webkit-border-radius:0px 0px 0px 0px;\n-moz-border-radius:0px 0px 0px 0px;\nborder-radius:0px 0px 0px 0px;\npadding:0px 0px 0px 0px;\n}\n<\/style>\n<div class='flex_column av-lriorc-8f2f5fc1b85d11556caf9c0c20b6f2f7 av_one_half  avia-builder-el-15  el_after_av_hr  el_before_av_one_half  first flex_column_div av-zero-column-padding'     ><section  class='av_textblock_section av-24zdgo-7f5de5ed47724e82c43d5bba93ad653d'  itemscope=\"itemscope\" itemtype=\"https:\/\/schema.org\/CreativeWork\" ><div class='avia_textblock'  itemprop=\"text\" ><h2><span style=\"color: #3bade3;\">PRODUKCJA...<\/span><\/h2>\n<\/div><\/section><br \/>\n<div  class='avia-slideshow av-ims9d4-5ac70878b5718f51b27911e34b48dc8f avia-slideshow-featured av_slideshow avia-slide-slider  avia-builder-el-17  el_after_av_textblock  avia-builder-el-last  av-slideshow-ui av-slideshow-manual av-loop-once av-loop-manual-endless av-default-height-applied avia-slideshow-3' data-slideshow-options=\"{&quot;animation&quot;:&quot;slide&quot;,&quot;autoplay&quot;:false,&quot;loop_autoplay&quot;:&quot;once&quot;,&quot;interval&quot;:5,&quot;loop_manual&quot;:&quot;manual-endless&quot;,&quot;autoplay_stopper&quot;:false,&quot;noNavigation&quot;:false,&quot;bg_slider&quot;:false,&quot;keep_padding&quot;:false,&quot;hoverpause&quot;:false,&quot;show_slide_delay&quot;:0}\"  itemprop=\"image\" itemscope=\"itemscope\" itemtype=\"https:\/\/schema.org\/ImageObject\" ><ul class='avia-slideshow-inner' style='padding-bottom: 28.666666666667%;'><li  class='avia-slideshow-slide av-ims9d4-5ac70878b5718f51b27911e34b48dc8f__0  av-single-slide slide-1 slide-odd'><div data-rel='slideshow-3' class='avia-slide-wrap'   ><img loading=\"lazy\" decoding=\"async\" class=\"wp-image-3589 avia-img-lazy-loading-not-3589\" src=\"https:\/\/metaenterprices.co.uk\/wp-content\/uploads\/2016\/04\/DSC_0205-1500x430.jpg\"  width=\"1500\" height=\"430\" title='DSC_0205' alt='' itemprop=\"thumbnailUrl\"   \/><\/div><\/li><\/ul><\/div><\/p><\/div>\n<style type=\"text\/css\" data-created_by=\"avia_inline_auto\" id=\"style-css-av-fj7mlk-0326912559c182965289b49f362ba91d\">\n.flex_column.av-fj7mlk-0326912559c182965289b49f362ba91d{\n-webkit-border-radius:0px 0px 0px 0px;\n-moz-border-radius:0px 0px 0px 0px;\nborder-radius:0px 0px 0px 0px;\npadding:0px 0px 0px 0px;\n}\n<\/style>\n<div class='flex_column av-fj7mlk-0326912559c182965289b49f362ba91d av_one_half  avia-builder-el-18  el_after_av_one_half  avia-builder-el-last  flex_column_div av-zero-column-padding'     ><style type=\"text\/css\" data-created_by=\"avia_inline_auto\" id=\"style-css-av-1ezl6w-8460a7ee9f495f6c96b360fc6d48fe78\">\n#top .av_textblock_section.av-1ezl6w-8460a7ee9f495f6c96b360fc6d48fe78 .avia_textblock{\nfont-size:15px;\n}\n<\/style>\n<section  class='av_textblock_section av-1ezl6w-8460a7ee9f495f6c96b360fc6d48fe78'  itemscope=\"itemscope\" itemtype=\"https:\/\/schema.org\/CreativeWork\" ><div class='avia_textblock'  itemprop=\"text\" ><p>Opr\u00f3cz naszego wk\u0142adu w ochron\u0119 \u015brodowiska i dba\u0142o\u015b\u0107 o klienta, nasi dostawcy przestrzegaj\u0105 r\u00f3wnie\u017c norm \u015brodowiskowych wymaganych od cynkowni, b\u0119d\u0105c w sta\u0142ym kontakcie z wykwalifikowanym personelem, kt\u00f3ry zajmuje si\u0119 odpadami niebezpiecznymi i innymi ni\u017c niebezpieczne.<\/p>\n<p>Potwierdzenie procesu produkcyjnego dostawc\u00f3w, i\u017c prowadzone jest za pomoc\u0105 najnowszej technologii cynkowania ogniowego, skraca czas odzyskiwania cynku i zmniejsza zanieczyszczenie \u015brodowiska.<\/p>\n<\/div><\/section><\/div><\/div><\/div><\/main><!-- close content main element --><\/div><\/div><div id='after_section_1'  class='main_color av_default_container_wrap container_wrap sidebar_right'  ><div class='container av-section-cont-open' ><div class='template-page content  av-content-small alpha units'><div class='post-entry post-entry-type-page post-entry-1224'><div class='entry-content-wrapper clearfix'><div  class='hr av-c7dhyg-eee05074d7bcf0a99468637cf8d8c864 hr-default  avia-builder-el-20  el_after_av_section  el_before_av_one_half  avia-builder-el-first'><span class='hr-inner'><span class=\"hr-inner-style\"><\/span><\/span><\/div><\/p>\n<div class='flex_column av-b4e8zc-29d402fdd0d45eb99132e5c1ce524e1b av_one_half  avia-builder-el-21  el_after_av_hr  el_before_av_one_half  first flex_column_div'     ><style type=\"text\/css\" data-created_by=\"avia_inline_auto\" id=\"style-css-av-9hkmew-efa3210ae8d0ef7fd66f200d52924a9b\">\n#top .av_textblock_section.av-9hkmew-efa3210ae8d0ef7fd66f200d52924a9b .avia_textblock{\nfont-size:15px;\n}\n<\/style>\n<section  class='av_textblock_section av-9hkmew-efa3210ae8d0ef7fd66f200d52924a9b'  itemscope=\"itemscope\" itemtype=\"https:\/\/schema.org\/CreativeWork\" ><div class='avia_textblock'  itemprop=\"text\" ><h4>Obs\u0142uga klienta<\/h4>\n<p>Posiadamy oddany i wykwalifikowany mi\u0119dzynarodowy zesp\u00f3\u0142 pracuj\u0105cy z ogromnym do\u015bwiadczeniem w obs\u0142udze naszych klient\u00f3w na ca\u0142ym \u015bwiecie.<\/p>\n<h4>Marnotrawstwo<\/h4>\n<p>Nasi dostawcy i klienci przestrzegaj\u0105 zasad post\u0119powania z niechcianymi odpadami powstaj\u0105cymi w procesach produkcyjnych, odpowiednio segreguj\u0105c i usuwaj\u0105c odpady.<\/p>\n<h4>Proces produkcji<\/h4>\n<p>Nasi dostawcy i klienci stosuj\u0105 si\u0119 do nowoczesnego procesu produkcyjnego, w kt\u00f3rym stosuje si\u0119 najnowsz\u0105 technologi\u0119, aby skr\u00f3ci\u0107 czas realizacji i zapewni\u0107 bardziej ekologiczne \u015brodowisko.<\/p>\n<h4>Moc\/ energia<\/h4>\n<p>Proces ponownego wykorzystania ciep\u0142a z materia\u0142\u00f3w odpadowych jest na czele naszej praktyki, pomagaj\u0105c zminimalizowa\u0107 wp\u0142yw na system ekologiczny.<\/p>\n<h4>Woda<\/h4>\n<p>Instalacje do recyklingu wody s\u0105 wykorzystywane w naszych \u017ar\u00f3d\u0142ach do oczyszczania \u015bciek\u00f3w do dalszego wykorzystania.<\/p>\n<h4><\/h4>\n<\/div><\/section><\/div>\n\n<style type=\"text\/css\" data-created_by=\"avia_inline_auto\" id=\"style-css-av-7lozqg-29e7bdbfee417edc32f86c47b59972b5\">\n.flex_column.av-7lozqg-29e7bdbfee417edc32f86c47b59972b5{\n-webkit-border-radius:0px 0px 0px 0px;\n-moz-border-radius:0px 0px 0px 0px;\nborder-radius:0px 0px 0px 0px;\npadding:0px 0px 0px 0px;\n}\n<\/style>\n<div class='flex_column av-7lozqg-29e7bdbfee417edc32f86c47b59972b5 av_one_half  avia-builder-el-23  el_after_av_one_half  el_before_av_slideshow  flex_column_div av-zero-column-padding'     ><style type=\"text\/css\" data-created_by=\"avia_inline_auto\" id=\"style-css-av-5yw0bc-0148d45ef9119f46366cbde8f2df43f5\">\n#top .av_textblock_section.av-5yw0bc-0148d45ef9119f46366cbde8f2df43f5 .avia_textblock{\nfont-size:15px;\n}\n<\/style>\n<section  class='av_textblock_section av-5yw0bc-0148d45ef9119f46366cbde8f2df43f5'  itemscope=\"itemscope\" itemtype=\"https:\/\/schema.org\/CreativeWork\" ><div class='avia_textblock'  itemprop=\"text\" ><h4>Skutki \u015brodowiskowe<\/h4>\n<p>Posiadamy certyfikaty Waste (Anglia i Walia) Registrations 2011 oraz ISO 9001 zatwierdzone dla system\u00f3w zarz\u0105dzania jako\u015bci\u0105 materia\u0142\u00f3w nadaj\u0105cych si\u0119 do recyklingu.<\/p>\n<h4>Ha\u0142as<\/h4>\n<p>Do obr\u00f3bki naszych materia\u0142\u00f3w zainstalowano t\u0142umiki redukuj\u0105ce ha\u0142as, wykazuj\u0105ce wyniki ogromnej redukcji emisji ha\u0142asu i wywieraj\u0105ce mniejszy wp\u0142yw na otoczenie.<\/p>\n<h4><\/h4>\n<h4>Zagro\u017cenia \u015brodowiskowe \/ wypadki<\/h4>\n<p>Wszyscy nasi pracownicy przestrzegaj\u0105 procedur BHP, aby unikn\u0105\u0107 wypadk\u00f3w. S\u0105 r\u00f3wnie\u017c wysoko przeszkoleni, aby bezpiecznie obchodzi\u0107 si\u0119 z materia\u0142ami, unikaj\u0105c rozlania lub wypadku z materia\u0142em, kt\u00f3ry mo\u017ce by\u0107 niebezpieczny dla cz\u0142owieka i \u015brodowiska.<\/p>\n<h4>Informacja<\/h4>\n<p>Prowadzone s\u0105 na bie\u017c\u0105co informacje dotycz\u0105ce polityki \u015brodowiskowej, a tak\u017ce przekazywane klientom.<\/p>\n<\/div><\/section><\/div>\n\n<div  class='hr av-2syaa0-2f621b574eb6314c777d987043633152 hr-default  avia-builder-el-26  el_after_av_slideshow  avia-builder-el-last'><span class='hr-inner'><span class=\"hr-inner-style\"><\/span><\/span><\/div>","protected":false},"excerpt":{"rendered":"","protected":false},"author":1,"featured_media":0,"parent":0,"menu_order":0,"comment_status":"open","ping_status":"open","template":"","meta":{"_oct_exclude_from_cache":false,"footnotes":""},"class_list":["post-1224","page","type-page","status-publish","hentry"],"_links":{"self":[{"href":"https:\/\/metaenterprices.co.uk\/pl\/wp-json\/wp\/v2\/pages\/1224","targetHints":{"allow":["GET"]}}],"collection":[{"href":"https:\/\/metaenterprices.co.uk\/pl\/wp-json\/wp\/v2\/pages"}],"about":[{"href":"https:\/\/metaenterprices.co.uk\/pl\/wp-json\/wp\/v2\/types\/page"}],"author":[{"embeddable":true,"href":"https:\/\/metaenterprices.co.uk\/pl\/wp-json\/wp\/v2\/users\/1"}],"replies":[{"embeddable":true,"href":"https:\/\/metaenterprices.co.uk\/pl\/wp-json\/wp\/v2\/comments?post=1224"}],"version-history":[{"count":34,"href":"https:\/\/metaenterprices.co.uk\/pl\/wp-json\/wp\/v2\/pages\/1224\/revisions"}],"predecessor-version":[{"id":4107,"href":"https:\/\/metaenterprices.co.uk\/pl\/wp-json\/wp\/v2\/pages\/1224\/revisions\/4107"}],"wp:attachment":[{"href":"https:\/\/metaenterprices.co.uk\/pl\/wp-json\/wp\/v2\/media?parent=1224"}],"curies":[{"name":"wp","href":"https:\/\/api.w.org\/{rel}","templated":true}]}}