{"id":1224,"date":"2013-04-05T17:31:26","date_gmt":"2013-04-05T17:31:26","guid":{"rendered":"http:\/\/www.kriesi.at\/themes\/enfold\/?page_id=1224"},"modified":"2022-06-18T15:14:20","modified_gmt":"2022-06-18T15:14:20","slug":"policies","status":"publish","type":"page","link":"https:\/\/metaenterprices.co.uk\/de\/policies\/","title":{"rendered":"Policies"},"content":{"rendered":"<div id='av_section_1'  class='avia-section av-1edv8js-59a06f5215246f321097641341dc6ebd alternate_color avia-section-default avia-no-shadow  avia-builder-el-0  el_before_av_hr  avia-builder-el-first  avia-bg-style-scroll container_wrap sidebar_right'  ><div class='container av-section-cont-open' ><main  role=\"main\" itemprop=\"mainContentOfPage\"  class='template-page content  av-content-small alpha units'><div class='post-entry post-entry-type-page post-entry-1224'><div class='entry-content-wrapper clearfix'>\n<section  class='av_textblock_section av-1d00eco-409421f7481a3802a7d2ce1021894e1a'  itemscope=\"itemscope\" itemtype=\"https:\/\/schema.org\/CreativeWork\" ><div class='avia_textblock'  itemprop=\"text\" ><h2 style=\"text-align: center;\"><span style=\"color: #1e89ca;\">Unsere Richtlinien<\/span><\/h2>\n<p style=\"text-align: center;\">\n<\/div><\/section>\n<div  class='hr av-1artb60-d9c5726917ff2f3f2ff97d2eec1106b5 hr-short  avia-builder-el-2  el_after_av_textblock  el_before_av_one_half  hr-center'><span class='hr-inner'><span class=\"hr-inner-style\"><\/span><\/span><\/div>\n\n<style type=\"text\/css\" data-created_by=\"avia_inline_auto\" id=\"style-css-av-1a0eih4-193b380485caaa000a086662f1bfaab7\">\n.flex_column.av-1a0eih4-193b380485caaa000a086662f1bfaab7{\n-webkit-border-radius:0px 0px 0px 0px;\n-moz-border-radius:0px 0px 0px 0px;\nborder-radius:0px 0px 0px 0px;\npadding:0px 0px 0px 0px;\n}\n<\/style>\n<div class='flex_column av-1a0eih4-193b380485caaa000a086662f1bfaab7 av_one_half  avia-builder-el-3  el_after_av_hr  el_before_av_one_half  first flex_column_div av-zero-column-padding'     ><section  class='av_textblock_section av-181r048-e839d4f54b9a1969088769701e9379a3'  itemscope=\"itemscope\" itemtype=\"https:\/\/schema.org\/CreativeWork\" ><div class='avia_textblock'  itemprop=\"text\" ><h2><span style=\"color: #3bade3;\">UMWELTBEWUSST<\/span><\/h2>\n<\/div><\/section><br \/>\n<div  class='avia-slideshow av-16qsbx4-9edbde9532dd4fdc0b9b6ee3164a800c avia-slideshow-featured av_slideshow avia-slide-slider  avia-builder-el-5  el_after_av_textblock  avia-builder-el-last  av-slideshow-ui av-slideshow-manual av-loop-once av-loop-manual-endless av-default-height-applied avia-slideshow-1' data-slideshow-options=\"{&quot;animation&quot;:&quot;slide&quot;,&quot;autoplay&quot;:false,&quot;loop_autoplay&quot;:&quot;once&quot;,&quot;interval&quot;:5,&quot;loop_manual&quot;:&quot;manual-endless&quot;,&quot;autoplay_stopper&quot;:false,&quot;noNavigation&quot;:false,&quot;bg_slider&quot;:false,&quot;keep_padding&quot;:false,&quot;hoverpause&quot;:false,&quot;show_slide_delay&quot;:0}\"  itemprop=\"image\" itemscope=\"itemscope\" itemtype=\"https:\/\/schema.org\/ImageObject\" ><ul class='avia-slideshow-inner' style='padding-bottom: 60%;'><li  class='avia-slideshow-slide av-16qsbx4-9edbde9532dd4fdc0b9b6ee3164a800c__0  av-single-slide slide-1 slide-odd'><div data-rel='slideshow-1' class='avia-slide-wrap'   ><img decoding=\"async\" class=\"wp-image-3481 avia-img-lazy-loading-not-3481\"  src=\"https:\/\/metaenterprices.co.uk\/wp-content\/uploads\/2016\/04\/light.jpg\" width=\"600\" height=\"360\" title='light' alt=''  itemprop=\"thumbnailUrl\" srcset=\"https:\/\/metaenterprices.co.uk\/wp-content\/uploads\/2016\/04\/light.jpg 600w, https:\/\/metaenterprices.co.uk\/wp-content\/uploads\/2016\/04\/light-300x180.jpg 300w, https:\/\/metaenterprices.co.uk\/wp-content\/uploads\/2016\/04\/light-450x270.jpg 450w\" sizes=\"(max-width: 600px) 100vw, 600px\" \/><\/div><\/li><\/ul><\/div><\/p><\/div>\n<style type=\"text\/css\" data-created_by=\"avia_inline_auto\" id=\"style-css-av-1295sbs-8a7a4a82a501d09d2bcb7d07a2075138\">\n.flex_column.av-1295sbs-8a7a4a82a501d09d2bcb7d07a2075138{\n-webkit-border-radius:0px 0px 0px 0px;\n-moz-border-radius:0px 0px 0px 0px;\nborder-radius:0px 0px 0px 0px;\npadding:0px 0px 0px 0px;\n}\n<\/style>\n<div class='flex_column av-1295sbs-8a7a4a82a501d09d2bcb7d07a2075138 av_one_half  avia-builder-el-6  el_after_av_one_half  el_before_av_hr  flex_column_div av-zero-column-padding'     ><style type=\"text\/css\" data-created_by=\"avia_inline_auto\" id=\"style-css-av-11iifag-4dd71b71f4db6c1c23adf8f9f89e9364\">\n#top .av_textblock_section.av-11iifag-4dd71b71f4db6c1c23adf8f9f89e9364 .avia_textblock{\nfont-size:15px;\n}\n<\/style>\n<section  class='av_textblock_section av-11iifag-4dd71b71f4db6c1c23adf8f9f89e9364'  itemscope=\"itemscope\" itemtype=\"https:\/\/schema.org\/CreativeWork\" ><div class='avia_textblock'  itemprop=\"text\" ><p>Als ISO-zertifiziertes Unternehmen sind wir stolz darauf, dass die Umwelt an erster Stelle steht. Wir bem\u00fchen uns sicherzustellen, dass unsere Produkte den britischen und internationalen Gesetzen von Umweltbeh\u00f6rden entsprechen, und unsere ISO 9001-Registrierung stellt eine zugelassene Qualit\u00e4t der Waren sicher, die negative Auswirkungen auf die Umwelt direkt reduzieren.<\/p>\n<p><strong>Abfallrecht:<\/strong><\/p>\n<p>Registrierungsbescheinigung gem\u00e4\u00df den Waste in England and Wales Regulations 2011.<\/p>\n<p><strong>Umweltgefahren \/ Unf\u00e4lle: <\/strong><\/p>\n<p>Einhaltung der Gesundheits- und Sicherheitsverfahren zur Vermeidung von Unf\u00e4llen, sie sind auch gut geschult, um mit dem Material sicher umzugehen und ein Versch\u00fctten oder einen Unfall des Materials zu vermeiden, der eine Gefahr f\u00fcr die Umwelt darstellen kann.<\/p>\n<p><strong>Wir sind uns der EU-REACH-Verordnung und weiterer britischer REACH-Verordnungen nach dem Brexit voll bewusst und ausgestattet.<\/strong><\/p>\n<\/div><\/section><\/div><div  class='hr av-10a39ug-2612a67a1526ce200c2a3224f4d3c055 hr-default  avia-builder-el-8  el_after_av_one_half  el_before_av_one_half'><span class='hr-inner'><span class=\"hr-inner-style\"><\/span><\/span><\/div>\n\n<style type=\"text\/css\" data-created_by=\"avia_inline_auto\" id=\"style-css-av-xs9tiw-062d2590c5e0ad07f3fb3196e8c94c30\">\n.flex_column.av-xs9tiw-062d2590c5e0ad07f3fb3196e8c94c30{\n-webkit-border-radius:0px 0px 0px 0px;\n-moz-border-radius:0px 0px 0px 0px;\nborder-radius:0px 0px 0px 0px;\npadding:0px 0px 0px 0px;\n}\n<\/style>\n<div class='flex_column av-xs9tiw-062d2590c5e0ad07f3fb3196e8c94c30 av_one_half  avia-builder-el-9  el_after_av_hr  el_before_av_one_half  first flex_column_div av-zero-column-padding'     ><section  class='av_textblock_section av-w3mlug-6b8545144e232d0984cc7a01e8712397'  itemscope=\"itemscope\" itemtype=\"https:\/\/schema.org\/CreativeWork\" ><div class='avia_textblock'  itemprop=\"text\" ><h2><span style=\"color: #3bade3;\">KUNDENSERVICE\u2026<\/span><\/h2>\n<\/div><\/section><br \/>\n<div  class='avia-slideshow av-u5cllk-def8994894f0f4b9afc0c8cb15f87411 avia-slideshow-featured av_slideshow avia-slide-slider  avia-builder-el-11  el_after_av_textblock  avia-builder-el-last  av-slideshow-ui av-slideshow-manual av-loop-once av-loop-manual-endless av-default-height-applied avia-slideshow-2' data-slideshow-options=\"{&quot;animation&quot;:&quot;slide&quot;,&quot;autoplay&quot;:false,&quot;loop_autoplay&quot;:&quot;once&quot;,&quot;interval&quot;:5,&quot;loop_manual&quot;:&quot;manual-endless&quot;,&quot;autoplay_stopper&quot;:false,&quot;noNavigation&quot;:false,&quot;bg_slider&quot;:false,&quot;keep_padding&quot;:false,&quot;hoverpause&quot;:false,&quot;show_slide_delay&quot;:0}\"  itemprop=\"image\" itemscope=\"itemscope\" itemtype=\"https:\/\/schema.org\/ImageObject\" ><ul class='avia-slideshow-inner' style='padding-bottom: 25.333333333333%;'><li  class='avia-slideshow-slide av-u5cllk-def8994894f0f4b9afc0c8cb15f87411__0  av-single-slide slide-1 slide-odd'><div data-rel='slideshow-2' class='avia-slide-wrap'   ><img loading=\"lazy\" decoding=\"async\" class=\"wp-image-3479 avia-img-lazy-loading-not-3479\" src=\"https:\/\/metaenterprices.co.uk\/wp-content\/uploads\/2016\/04\/glasocaiation2-300x76.png\"  width=\"300\" height=\"76\" title='glasocaiation2-300x76' alt='' itemprop=\"thumbnailUrl\"   \/><\/div><\/li><\/ul><\/div><\/p><\/div>\n<style type=\"text\/css\" data-created_by=\"avia_inline_auto\" id=\"style-css-av-qx6xh4-fc8b410551c3df838fa08e803998f534\">\n.flex_column.av-qx6xh4-fc8b410551c3df838fa08e803998f534{\n-webkit-border-radius:0px 0px 0px 0px;\n-moz-border-radius:0px 0px 0px 0px;\nborder-radius:0px 0px 0px 0px;\npadding:0px 0px 0px 0px;\n}\n<\/style>\n<div class='flex_column av-qx6xh4-fc8b410551c3df838fa08e803998f534 av_one_half  avia-builder-el-12  el_after_av_one_half  el_before_av_hr  flex_column_div av-zero-column-padding'     ><style type=\"text\/css\" data-created_by=\"avia_inline_auto\" id=\"style-css-av-qf1f8o-effe5defc53949c3a2f8dfb79ad5a35e\">\n#top .av_textblock_section.av-qf1f8o-effe5defc53949c3a2f8dfb79ad5a35e .avia_textblock{\nfont-size:15px;\n}\n<\/style>\n<section  class='av_textblock_section av-qf1f8o-effe5defc53949c3a2f8dfb79ad5a35e'  itemscope=\"itemscope\" itemtype=\"https:\/\/schema.org\/CreativeWork\" ><div class='avia_textblock'  itemprop=\"text\" ><p>Ein Mitglied des GALVANIZERS ASSOCIATION F\u00fcr vertrauensw\u00fcrdige transparente Verzinkungsdienstleistungen.<\/p>\n<p>Bitte besuche <a href=\"http:\/\/www.galvanizing.org.uk\">www.galvanizing.org.uk<\/a> f\u00fcr mehr Informationen.<\/p>\n<\/div><\/section><\/div><div  class='hr av-2f3ygo-baf887f948cf26be443f96c3743d73eb hr-default  avia-builder-el-14  el_after_av_one_half  el_before_av_one_half'><span class='hr-inner'><span class=\"hr-inner-style\"><\/span><\/span><\/div>\n\n<style type=\"text\/css\" data-created_by=\"avia_inline_auto\" id=\"style-css-av-lriorc-8f2f5fc1b85d11556caf9c0c20b6f2f7\">\n.flex_column.av-lriorc-8f2f5fc1b85d11556caf9c0c20b6f2f7{\n-webkit-border-radius:0px 0px 0px 0px;\n-moz-border-radius:0px 0px 0px 0px;\nborder-radius:0px 0px 0px 0px;\npadding:0px 0px 0px 0px;\n}\n<\/style>\n<div class='flex_column av-lriorc-8f2f5fc1b85d11556caf9c0c20b6f2f7 av_one_half  avia-builder-el-15  el_after_av_hr  el_before_av_one_half  first flex_column_div av-zero-column-padding'     ><section  class='av_textblock_section av-24zdgo-7f5de5ed47724e82c43d5bba93ad653d'  itemscope=\"itemscope\" itemtype=\"https:\/\/schema.org\/CreativeWork\" ><div class='avia_textblock'  itemprop=\"text\" ><h2><span style=\"color: #3bade3;\">HERSTELLUNG\u2026<\/span><\/h2>\n<\/div><\/section><br \/>\n<div  class='avia-slideshow av-ims9d4-5ac70878b5718f51b27911e34b48dc8f avia-slideshow-featured av_slideshow avia-slide-slider  avia-builder-el-17  el_after_av_textblock  avia-builder-el-last  av-slideshow-ui av-slideshow-manual av-loop-once av-loop-manual-endless av-default-height-applied avia-slideshow-3' data-slideshow-options=\"{&quot;animation&quot;:&quot;slide&quot;,&quot;autoplay&quot;:false,&quot;loop_autoplay&quot;:&quot;once&quot;,&quot;interval&quot;:5,&quot;loop_manual&quot;:&quot;manual-endless&quot;,&quot;autoplay_stopper&quot;:false,&quot;noNavigation&quot;:false,&quot;bg_slider&quot;:false,&quot;keep_padding&quot;:false,&quot;hoverpause&quot;:false,&quot;show_slide_delay&quot;:0}\"  itemprop=\"image\" itemscope=\"itemscope\" itemtype=\"https:\/\/schema.org\/ImageObject\" ><ul class='avia-slideshow-inner' style='padding-bottom: 28.666666666667%;'><li  class='avia-slideshow-slide av-ims9d4-5ac70878b5718f51b27911e34b48dc8f__0  av-single-slide slide-1 slide-odd'><div data-rel='slideshow-3' class='avia-slide-wrap'   ><img loading=\"lazy\" decoding=\"async\" class=\"wp-image-3589 avia-img-lazy-loading-not-3589\" src=\"https:\/\/metaenterprices.co.uk\/wp-content\/uploads\/2016\/04\/DSC_0205-1500x430.jpg\"  width=\"1500\" height=\"430\" title='DSC_0205' alt='' itemprop=\"thumbnailUrl\"   \/><\/div><\/li><\/ul><\/div><\/p><\/div>\n<style type=\"text\/css\" data-created_by=\"avia_inline_auto\" id=\"style-css-av-fj7mlk-0326912559c182965289b49f362ba91d\">\n.flex_column.av-fj7mlk-0326912559c182965289b49f362ba91d{\n-webkit-border-radius:0px 0px 0px 0px;\n-moz-border-radius:0px 0px 0px 0px;\nborder-radius:0px 0px 0px 0px;\npadding:0px 0px 0px 0px;\n}\n<\/style>\n<div class='flex_column av-fj7mlk-0326912559c182965289b49f362ba91d av_one_half  avia-builder-el-18  el_after_av_one_half  avia-builder-el-last  flex_column_div av-zero-column-padding'     ><style type=\"text\/css\" data-created_by=\"avia_inline_auto\" id=\"style-css-av-1ezl6w-8460a7ee9f495f6c96b360fc6d48fe78\">\n#top .av_textblock_section.av-1ezl6w-8460a7ee9f495f6c96b360fc6d48fe78 .avia_textblock{\nfont-size:15px;\n}\n<\/style>\n<section  class='av_textblock_section av-1ezl6w-8460a7ee9f495f6c96b360fc6d48fe78'  itemscope=\"itemscope\" itemtype=\"https:\/\/schema.org\/CreativeWork\" ><div class='avia_textblock'  itemprop=\"text\" ><p>Zus\u00e4tzlich zu unserem Beitrag zur Umwelt und Kundenpflege halten sich unsere Lieferanten auch an die f\u00fcr Verzinkereien erforderlichen Umweltnormen und halten sich mit qualifiziertem Personal, das mit gef\u00e4hrlichen und ungef\u00e4hrlichen Materialien umgeht, auf dem Laufenden.<\/p>\n<p>Es wird eine Best\u00e4tigung des Herstellungsprozesses der Lieferanten mit der neuesten Feuerverzinkungstechnologie etabliert, die die Zeit f\u00fcr die Zinkr\u00fcckgewinnung verk\u00fcrzt und die Umweltverschmutzung verringert.<\/p>\n<\/div><\/section><\/div><\/div><\/div><\/main><!-- close content main element --><\/div><\/div><div id='after_section_1'  class='main_color av_default_container_wrap container_wrap sidebar_right'  ><div class='container av-section-cont-open' ><div class='template-page content  av-content-small alpha units'><div class='post-entry post-entry-type-page post-entry-1224'><div class='entry-content-wrapper clearfix'><div  class='hr av-c7dhyg-eee05074d7bcf0a99468637cf8d8c864 hr-default  avia-builder-el-20  el_after_av_section  el_before_av_one_half  avia-builder-el-first'><span class='hr-inner'><span class=\"hr-inner-style\"><\/span><\/span><\/div><\/p>\n<div class='flex_column av-b4e8zc-29d402fdd0d45eb99132e5c1ce524e1b av_one_half  avia-builder-el-21  el_after_av_hr  el_before_av_one_half  first flex_column_div'     ><style type=\"text\/css\" data-created_by=\"avia_inline_auto\" id=\"style-css-av-9hkmew-efa3210ae8d0ef7fd66f200d52924a9b\">\n#top .av_textblock_section.av-9hkmew-efa3210ae8d0ef7fd66f200d52924a9b .avia_textblock{\nfont-size:15px;\n}\n<\/style>\n<section  class='av_textblock_section av-9hkmew-efa3210ae8d0ef7fd66f200d52924a9b'  itemscope=\"itemscope\" itemtype=\"https:\/\/schema.org\/CreativeWork\" ><div class='avia_textblock'  itemprop=\"text\" ><h4>Kundendienst<\/h4>\n<p>Wir haben ein engagiertes und gut qualifiziertes Team, das mit einer gro\u00dfen Erfahrung in der Betreuung unserer Kunden arbeitet.<\/p>\n<h4>Abfall<\/h4>\n<p>Unsere Lieferanten und Kunden verpflichten sich, mit unerw\u00fcnschten Abf\u00e4llen, die durch ihre Herstellungsprozesse entstehen, umzugehen und die Abf\u00e4lle ordnungsgem\u00e4\u00df zu trennen und zu entsorgen.<\/p>\n<h4>Herstellungsprozess<\/h4>\n<p>Unsere Lieferanten und Kunden halten sich an einen modernen Herstellungsprozess mit neuster Technologie, der Zeit spart und umweltfreundlich ist.<\/p>\n<h4>Leistung\/ Energie<\/h4>\n<p>Der Prozess der Wiederverwendung von W\u00e4rme aus Abfallmaterialien steht im Vordergrund unserer Praxis und tr\u00e4gt dazu bei, die Auswirkungen auf das \u00f6kologische System zu minimieren.<\/p>\n<h4>Wasser<\/h4>\n<p>An unseren Quellen werden Wasserrecyclinganlagen eingesetzt, um das Abwasser f\u00fcr die weitere Verwendung zu reinigen.<\/p>\n<h4><\/h4>\n<\/div><\/section><\/div>\n\n<style type=\"text\/css\" data-created_by=\"avia_inline_auto\" id=\"style-css-av-7lozqg-29e7bdbfee417edc32f86c47b59972b5\">\n.flex_column.av-7lozqg-29e7bdbfee417edc32f86c47b59972b5{\n-webkit-border-radius:0px 0px 0px 0px;\n-moz-border-radius:0px 0px 0px 0px;\nborder-radius:0px 0px 0px 0px;\npadding:0px 0px 0px 0px;\n}\n<\/style>\n<div class='flex_column av-7lozqg-29e7bdbfee417edc32f86c47b59972b5 av_one_half  avia-builder-el-23  el_after_av_one_half  el_before_av_slideshow  flex_column_div av-zero-column-padding'     ><style type=\"text\/css\" data-created_by=\"avia_inline_auto\" id=\"style-css-av-5yw0bc-0148d45ef9119f46366cbde8f2df43f5\">\n#top .av_textblock_section.av-5yw0bc-0148d45ef9119f46366cbde8f2df43f5 .avia_textblock{\nfont-size:15px;\n}\n<\/style>\n<section  class='av_textblock_section av-5yw0bc-0148d45ef9119f46366cbde8f2df43f5'  itemscope=\"itemscope\" itemtype=\"https:\/\/schema.org\/CreativeWork\" ><div class='avia_textblock'  itemprop=\"text\" ><h4>Auswirkungen auf die Umwelt<\/h4>\n<p>Wir sind nach den Waste (England and Wales) Registrations 2011 zertifiziert und nach ISO 9001 f\u00fcr Qualit\u00e4tsmanagementsysteme f\u00fcr recycelbare Materialien zugelassen.<\/p>\n<h4>L\u00e4rm<\/h4>\n<p>F\u00fcr die Verarbeitung unserer Materialien wurden Schalld\u00e4mpfer installiert, die eine enorme Reduzierung der Ger\u00e4uschentwicklung und eine geringere Auswirkung auf die Umgebung zeigen.<\/p>\n<h4><\/h4>\n<h4>Umweltgefahren \/ Unf\u00e4lle<\/h4>\n<p>Alle Mitarbeiter m\u00fcssen die Gesundheits- und Sicherheitsverfahren einhalten, um Unf\u00e4lle zu vermeiden. Sie sind auch gut geschult, um mit dem Material sicher umzugehen und ein Versch\u00fctten oder einen Unfall mit dem Material zu vermeiden, der f\u00fcr den Einzelnen und die Umwelt gef\u00e4hrlich sein kann.<\/p>\n<h4>Information<\/h4>\n<p>Aktuelle Informationen zur Umweltpolitik werden gepflegt und auch mit den Kunden kommuniziert.<\/p>\n<\/div><\/section><\/div>\n\n<div  class='hr av-2syaa0-2f621b574eb6314c777d987043633152 hr-default  avia-builder-el-26  el_after_av_slideshow  avia-builder-el-last'><span class='hr-inner'><span class=\"hr-inner-style\"><\/span><\/span><\/div>","protected":false},"excerpt":{"rendered":"","protected":false},"author":1,"featured_media":0,"parent":0,"menu_order":0,"comment_status":"open","ping_status":"open","template":"","meta":{"_oct_exclude_from_cache":false,"footnotes":""},"class_list":["post-1224","page","type-page","status-publish","hentry"],"_links":{"self":[{"href":"https:\/\/metaenterprices.co.uk\/de\/wp-json\/wp\/v2\/pages\/1224","targetHints":{"allow":["GET"]}}],"collection":[{"href":"https:\/\/metaenterprices.co.uk\/de\/wp-json\/wp\/v2\/pages"}],"about":[{"href":"https:\/\/metaenterprices.co.uk\/de\/wp-json\/wp\/v2\/types\/page"}],"author":[{"embeddable":true,"href":"https:\/\/metaenterprices.co.uk\/de\/wp-json\/wp\/v2\/users\/1"}],"replies":[{"embeddable":true,"href":"https:\/\/metaenterprices.co.uk\/de\/wp-json\/wp\/v2\/comments?post=1224"}],"version-history":[{"count":34,"href":"https:\/\/metaenterprices.co.uk\/de\/wp-json\/wp\/v2\/pages\/1224\/revisions"}],"predecessor-version":[{"id":4107,"href":"https:\/\/metaenterprices.co.uk\/de\/wp-json\/wp\/v2\/pages\/1224\/revisions\/4107"}],"wp:attachment":[{"href":"https:\/\/metaenterprices.co.uk\/de\/wp-json\/wp\/v2\/media?parent=1224"}],"curies":[{"name":"wp","href":"https:\/\/api.w.org\/{rel}","templated":true}]}}